{"id":4365,"date":"2023-04-25T13:45:16","date_gmt":"2023-04-25T11:45:16","guid":{"rendered":"https:\/\/www.beurle.eu\/?page_id=4365"},"modified":"2024-02-29T14:08:39","modified_gmt":"2024-02-29T13:08:39","slug":"data-protection-and-privacy-law","status":"publish","type":"page","link":"https:\/\/www.beurle.eu\/en\/areas-of-expertise\/data-protection-and-privacy-law\/","title":{"rendered":"Data Protection"},"content":{"rendered":"<div class=\"wpb-content-wrapper\"><p>[vc_row css=&#8221;.vc_custom_1579130405804{margin-bottom: 100px !important;}&#8221;][vc_column][vc_custom_heading source=&#8221;post_title&#8221; font_container=&#8221;tag:h1|text_align:center&#8221; use_theme_fonts=&#8221;yes&#8221;][\/vc_column][\/vc_row][vc_row][vc_column][vc_row_inner][vc_column_inner width=&#8221;2\/3&#8243;][vc_column_text]<strong>Data protection and privacy law has become massively more important, especially in business life. We provide competent and uncomplicated support wherever you need it:<\/strong><\/p>\n<p><strong>\u00a0<\/strong>[\/vc_column_text][vc_empty_space height=&#8221;50px&#8221;][\/vc_column_inner][vc_column_inner width=&#8221;1\/3&#8243;][\/vc_column_inner][\/vc_row_inner][\/vc_column][\/vc_row][vc_row][vc_column][vc_column_text]<\/p>\n<ul>\n<li>Preparation and review of data protection law documents (agreements \/ consents \/ clarification \/ documentation)<\/li>\n<li>Examination of your processing operations for data protection conformity<\/li>\n<li>Advice and representation in the event of data protection violations<\/li>\n<li>Advice and representation in dealings with the data protection authority<\/li>\n<li>We are also pleased to take on the tasks of the data protection officer for you<\/li>\n<\/ul>\n<p>[\/vc_column_text][vc_empty_space height=&#8221;50px&#8221;][\/vc_column][\/vc_row][vc_row][vc_column][vc_custom_heading text=&#8221;Your Legal Expert&#8221; font_container=&#8221;tag:h3|text_align:center&#8221;][vc_basic_grid post_type=&#8221;mitarbeiter&#8221; max_items=&#8221;999&#8243; show_filter=&#8221;yes&#8221; element_width=&#8221;3&#8243; gap=&#8221;20&#8243; order=&#8221;ASC&#8221; filter_style=&#8221;bordered&#8221; item=&#8221;5074&#8243; grid_id=&#8221;vc_gid:1709212103261-68f3dad3-1339-9&#8243; filter_source=&#8221;team_position&#8221; exclude_filter=&#8221;135&#8243; el_class=&#8221;ma-grid-2024 kein-filter&#8221; taxonomies=&#8221;141&#8243;][\/vc_column][\/vc_row]<\/p>\n<\/div>","protected":false},"excerpt":{"rendered":"<p>[vc_row css=&#8221;.vc_custom_1579130405804{margin-bottom: 100px !important;}&#8221;][vc_column][vc_custom_heading source=&#8221;post_title&#8221; font_container=&#8221;tag:h1|text_align:center&#8221; use_theme_fonts=&#8221;yes&#8221;][\/vc_column][\/vc_row][vc_row][vc_column][vc_row_inner][vc_column_inner width=&#8221;2\/3&#8243;][vc_column_text]Data protection and privacy law has become massively more important, especially in business life. We provide competent and uncomplicated support wherever you need it: \u00a0[\/vc_column_text][vc_empty_space height=&#8221;50px&#8221;][\/vc_column_inner][vc_column_inner width=&#8221;1\/3&#8243;][\/vc_column_inner][\/vc_row_inner][\/vc_column][\/vc_row][vc_row][vc_column][vc_column_text] Preparation and review of data protection law documents (agreements \/ consents \/ clarification \/ documentation) Examination of your processing operations for&hellip;<\/p>\n","protected":false},"author":4,"featured_media":0,"parent":2673,"menu_order":0,"comment_status":"closed","ping_status":"closed","template":"","meta":{"_acf_changed":false,"inline_featured_image":false,"footnotes":""},"class_list":["post-4365","page","type-page","status-publish","hentry","description-off"],"acf":[],"yoast_head":"<!-- This site is optimized with the Yoast SEO plugin v27.4 - https:\/\/yoast.com\/product\/yoast-seo-wordpress\/ -->\n<title>Data Protection - BEURLE Rechtsanw\u00e4lte, Linz<\/title>\n<meta name=\"robots\" content=\"index, follow, max-snippet:-1, max-image-preview:large, max-video-preview:-1\" \/>\n<link rel=\"canonical\" href=\"https:\/\/www.beurle.eu\/en\/areas-of-expertise\/data-protection-and-privacy-law\/\" \/>\n<meta property=\"og:locale\" content=\"en_US\" \/>\n<meta property=\"og:type\" content=\"article\" \/>\n<meta property=\"og:title\" content=\"Data Protection - BEURLE Rechtsanw\u00e4lte, Linz\" \/>\n<meta property=\"og:description\" content=\"[vc_row css=&#8221;.vc_custom_1579130405804{margin-bottom: 100px !important;}&#8221;][vc_column][vc_custom_heading source=&#8221;post_title&#8221; font_container=&#8221;tag:h1|text_align:center&#8221; use_theme_fonts=&#8221;yes&#8221;][\/vc_column][\/vc_row][vc_row][vc_column][vc_row_inner][vc_column_inner width=&#8221;2\/3&#8243;][vc_column_text]Data protection and privacy law has become massively more important, especially in business life. We provide competent and uncomplicated support wherever you need it: \u00a0[\/vc_column_text][vc_empty_space height=&#8221;50px&#8221;][\/vc_column_inner][vc_column_inner width=&#8221;1\/3&#8243;][\/vc_column_inner][\/vc_row_inner][\/vc_column][\/vc_row][vc_row][vc_column][vc_column_text] Preparation and review of data protection law documents (agreements \/ consents \/ clarification \/ documentation) Examination of your processing operations for&hellip;\" \/>\n<meta property=\"og:url\" content=\"https:\/\/www.beurle.eu\/en\/areas-of-expertise\/data-protection-and-privacy-law\/\" \/>\n<meta property=\"og:site_name\" content=\"BEURLE Rechtsanw\u00e4lte, Linz\" \/>\n<meta property=\"article:modified_time\" content=\"2024-02-29T13:08:39+00:00\" \/>\n<meta name=\"twitter:card\" content=\"summary_large_image\" \/>\n<meta name=\"twitter:label1\" content=\"Est. reading time\" \/>\n\t<meta name=\"twitter:data1\" content=\"1 minute\" \/>\n<script type=\"application\/ld+json\" class=\"yoast-schema-graph\">{\"@context\":\"https:\\\/\\\/schema.org\",\"@graph\":[{\"@type\":\"WebPage\",\"@id\":\"https:\\\/\\\/www.beurle.eu\\\/en\\\/areas-of-expertise\\\/data-protection-and-privacy-law\\\/\",\"url\":\"https:\\\/\\\/www.beurle.eu\\\/en\\\/areas-of-expertise\\\/data-protection-and-privacy-law\\\/\",\"name\":\"Data Protection - BEURLE Rechtsanw\u00e4lte, Linz\",\"isPartOf\":{\"@id\":\"https:\\\/\\\/www.beurle.eu\\\/en\\\/#website\"},\"datePublished\":\"2023-04-25T11:45:16+00:00\",\"dateModified\":\"2024-02-29T13:08:39+00:00\",\"breadcrumb\":{\"@id\":\"https:\\\/\\\/www.beurle.eu\\\/en\\\/areas-of-expertise\\\/data-protection-and-privacy-law\\\/#breadcrumb\"},\"inLanguage\":\"en-US\",\"potentialAction\":[{\"@type\":\"ReadAction\",\"target\":[\"https:\\\/\\\/www.beurle.eu\\\/en\\\/areas-of-expertise\\\/data-protection-and-privacy-law\\\/\"]}]},{\"@type\":\"BreadcrumbList\",\"@id\":\"https:\\\/\\\/www.beurle.eu\\\/en\\\/areas-of-expertise\\\/data-protection-and-privacy-law\\\/#breadcrumb\",\"itemListElement\":[{\"@type\":\"ListItem\",\"position\":1,\"name\":\"Startseite\",\"item\":\"https:\\\/\\\/www.beurle.eu\\\/en\\\/\"},{\"@type\":\"ListItem\",\"position\":2,\"name\":\"Areas of expertise\",\"item\":\"https:\\\/\\\/www.beurle.eu\\\/en\\\/areas-of-expertise\\\/\"},{\"@type\":\"ListItem\",\"position\":3,\"name\":\"Data Protection\"}]},{\"@type\":\"WebSite\",\"@id\":\"https:\\\/\\\/www.beurle.eu\\\/en\\\/#website\",\"url\":\"https:\\\/\\\/www.beurle.eu\\\/en\\\/\",\"name\":\"BEURLE Rechtsanw\u00e4lte, Linz\",\"description\":\"BEURLE Rechtsanw\u00e4lte beraten in- und ausl\u00e4ndische Unternehmen aus dem privaten und \u00f6ffentlichen Sektor in allen rechtlichen Belangen.\",\"potentialAction\":[{\"@type\":\"SearchAction\",\"target\":{\"@type\":\"EntryPoint\",\"urlTemplate\":\"https:\\\/\\\/www.beurle.eu\\\/en\\\/?s={search_term_string}\"},\"query-input\":{\"@type\":\"PropertyValueSpecification\",\"valueRequired\":true,\"valueName\":\"search_term_string\"}}],\"inLanguage\":\"en-US\"}]}<\/script>\n<!-- \/ Yoast SEO plugin. -->","yoast_head_json":{"title":"Data Protection - BEURLE Rechtsanw\u00e4lte, Linz","robots":{"index":"index","follow":"follow","max-snippet":"max-snippet:-1","max-image-preview":"max-image-preview:large","max-video-preview":"max-video-preview:-1"},"canonical":"https:\/\/www.beurle.eu\/en\/areas-of-expertise\/data-protection-and-privacy-law\/","og_locale":"en_US","og_type":"article","og_title":"Data Protection - BEURLE Rechtsanw\u00e4lte, Linz","og_description":"[vc_row css=&#8221;.vc_custom_1579130405804{margin-bottom: 100px !important;}&#8221;][vc_column][vc_custom_heading source=&#8221;post_title&#8221; font_container=&#8221;tag:h1|text_align:center&#8221; use_theme_fonts=&#8221;yes&#8221;][\/vc_column][\/vc_row][vc_row][vc_column][vc_row_inner][vc_column_inner width=&#8221;2\/3&#8243;][vc_column_text]Data protection and privacy law has become massively more important, especially in business life. We provide competent and uncomplicated support wherever you need it: \u00a0[\/vc_column_text][vc_empty_space height=&#8221;50px&#8221;][\/vc_column_inner][vc_column_inner width=&#8221;1\/3&#8243;][\/vc_column_inner][\/vc_row_inner][\/vc_column][\/vc_row][vc_row][vc_column][vc_column_text] Preparation and review of data protection law documents (agreements \/ consents \/ clarification \/ documentation) Examination of your processing operations for&hellip;","og_url":"https:\/\/www.beurle.eu\/en\/areas-of-expertise\/data-protection-and-privacy-law\/","og_site_name":"BEURLE Rechtsanw\u00e4lte, Linz","article_modified_time":"2024-02-29T13:08:39+00:00","twitter_card":"summary_large_image","twitter_misc":{"Est. reading time":"1 minute"},"schema":{"@context":"https:\/\/schema.org","@graph":[{"@type":"WebPage","@id":"https:\/\/www.beurle.eu\/en\/areas-of-expertise\/data-protection-and-privacy-law\/","url":"https:\/\/www.beurle.eu\/en\/areas-of-expertise\/data-protection-and-privacy-law\/","name":"Data Protection - BEURLE Rechtsanw\u00e4lte, Linz","isPartOf":{"@id":"https:\/\/www.beurle.eu\/en\/#website"},"datePublished":"2023-04-25T11:45:16+00:00","dateModified":"2024-02-29T13:08:39+00:00","breadcrumb":{"@id":"https:\/\/www.beurle.eu\/en\/areas-of-expertise\/data-protection-and-privacy-law\/#breadcrumb"},"inLanguage":"en-US","potentialAction":[{"@type":"ReadAction","target":["https:\/\/www.beurle.eu\/en\/areas-of-expertise\/data-protection-and-privacy-law\/"]}]},{"@type":"BreadcrumbList","@id":"https:\/\/www.beurle.eu\/en\/areas-of-expertise\/data-protection-and-privacy-law\/#breadcrumb","itemListElement":[{"@type":"ListItem","position":1,"name":"Startseite","item":"https:\/\/www.beurle.eu\/en\/"},{"@type":"ListItem","position":2,"name":"Areas of expertise","item":"https:\/\/www.beurle.eu\/en\/areas-of-expertise\/"},{"@type":"ListItem","position":3,"name":"Data Protection"}]},{"@type":"WebSite","@id":"https:\/\/www.beurle.eu\/en\/#website","url":"https:\/\/www.beurle.eu\/en\/","name":"BEURLE Rechtsanw\u00e4lte, Linz","description":"BEURLE Rechtsanw\u00e4lte beraten in- und ausl\u00e4ndische Unternehmen aus dem privaten und \u00f6ffentlichen Sektor in allen rechtlichen Belangen.","potentialAction":[{"@type":"SearchAction","target":{"@type":"EntryPoint","urlTemplate":"https:\/\/www.beurle.eu\/en\/?s={search_term_string}"},"query-input":{"@type":"PropertyValueSpecification","valueRequired":true,"valueName":"search_term_string"}}],"inLanguage":"en-US"}]}},"_links":{"self":[{"href":"https:\/\/www.beurle.eu\/en\/wp-json\/wp\/v2\/pages\/4365","targetHints":{"allow":["GET"]}}],"collection":[{"href":"https:\/\/www.beurle.eu\/en\/wp-json\/wp\/v2\/pages"}],"about":[{"href":"https:\/\/www.beurle.eu\/en\/wp-json\/wp\/v2\/types\/page"}],"author":[{"embeddable":true,"href":"https:\/\/www.beurle.eu\/en\/wp-json\/wp\/v2\/users\/4"}],"replies":[{"embeddable":true,"href":"https:\/\/www.beurle.eu\/en\/wp-json\/wp\/v2\/comments?post=4365"}],"version-history":[{"count":5,"href":"https:\/\/www.beurle.eu\/en\/wp-json\/wp\/v2\/pages\/4365\/revisions"}],"predecessor-version":[{"id":5274,"href":"https:\/\/www.beurle.eu\/en\/wp-json\/wp\/v2\/pages\/4365\/revisions\/5274"}],"up":[{"embeddable":true,"href":"https:\/\/www.beurle.eu\/en\/wp-json\/wp\/v2\/pages\/2673"}],"wp:attachment":[{"href":"https:\/\/www.beurle.eu\/en\/wp-json\/wp\/v2\/media?parent=4365"}],"curies":[{"name":"wp","href":"https:\/\/api.w.org\/{rel}","templated":true}]}}