{"id":4243,"date":"2023-01-09T11:29:40","date_gmt":"2023-01-09T10:29:40","guid":{"rendered":"https:\/\/www.beurle.eu\/?page_id=4243"},"modified":"2023-01-09T11:33:39","modified_gmt":"2023-01-09T10:33:39","slug":"non-legal-careers","status":"publish","type":"page","link":"https:\/\/www.beurle.eu\/en\/careers\/non-legal-careers\/","title":{"rendered":"Non-legal careers"},"content":{"rendered":"<div class=\"wpb-content-wrapper\"><p>[vc_row css=&#8221;.vc_custom_1579130405804{margin-bottom: 100px !important;}&#8221;][vc_column][vc_custom_heading text=&#8221;Non-legal careers&#8221; font_container=&#8221;tag:h1|text_align:center&#8221; use_theme_fonts=&#8221;yes&#8221;][\/vc_column][\/vc_row][vc_row][vc_column][vc_column_text]BEURLE is a growth-oriented law firm, with emphasis on organic growth.<\/p>\n<p>The goal is to ensure the future of the firm by providing perfect service to our clients through constant, competent personnel at various levels.<\/p>\n<p>The back office plays an important role in this regard &#8211; its competence ensures smooth operations.<\/p>\n<p>&nbsp;<\/p>\n<p>&nbsp;<\/p>\n<p>[\/vc_column_text][\/vc_column][\/vc_row][vc_row][vc_column][vc_single_image image=&#8221;4254&#8243; img_size=&#8221;large&#8221; alignment=&#8221;center&#8221;][\/vc_column][\/vc_row][vc_row][vc_column][vc_column_text]<\/p>\n<h4>A beginning: Apprenticeship as law office assistant<\/h4>\n<p>We train not only legal trainees, but also office assistants (focus on legal practice).<\/p>\n<p>The training is regulated by the training regulations.<\/p>\n<p>In three years, all facets of the profession are taught, from assistance to debt collection, accounting to insolvency processing, and this from the first day in practical action (with supervision by the vocational school).<\/p>\n<p>After successful completion of the training, all areas of activity in the back office of a law firm are open to you.<\/p>\n<p>&nbsp;<\/p>\n<h4>Assistant&#8230;<\/h4>\n<p>&#8230; supports the lawyer in his or her daily work.<\/p>\n<p>The hub of the team takes care of file maintenance, deadline management, correspondence, web-ERV, appointment management, office organization &#8211; everything that arises around the legal core activity.<\/p>\n<p>Educational background: Matura and commercial\/office experience or apprenticeship as an office assistant.[\/vc_column_text][\/vc_column][\/vc_row][vc_row][vc_column][vc_empty_space][\/vc_column][\/vc_row][vc_row][vc_column][vc_column_text]<\/p>\n<h2><strong>Specialization modules for clerical work<br \/>\n<\/strong><\/h2>\n<p>Often complementary to the job profile assistant<\/p>\n<h4><b>Clerical processing of company register<\/b><\/h4>\n<p>Independent preparation and processing of company register applications with the underlying documents. Preparation and organization of the processing. Communication with clients and the Commercial Register Court.<\/p>\n<h4><b>Clerical processing of land register and trusteeship<\/b><\/h4>\n<p>Providing professional and routine support to lawyers in the processing of real estate transactions. Preparation of land register applications, ranking applications, preparation of purchase contracts, handling of trusteeships.<\/p>\n<h4><b>Clercial processing of insolvency<\/b><\/h4>\n<p>With each new insolvency, one enters a new industry and its peculiarities. The insolvency administrator as managing director and the clerk as support take over operational activities as well as strategic decisions. From accounting and reports to marketing and sales, everything is involved in this field of activity. Ideal for stress-resistant individuals who love variety and challenges, and who do not lose sight of the accuracy that financial transactions require in all of this.<\/p>\n<h4><b>Clerical processing of debt collection<\/b><\/h4>\n<p>Every law firm needs the professional who takes care of getting clients the money they are entitled to, be it outstanding invoices or claims already awarded by the court. The clerk<br \/>\nThe clerk has an overview of the various procedural steps, from the reminder to the execution, and also manages the payments received (third-party money).<br \/>\nAn Eldorado for number crunchers.[\/vc_column_text][\/vc_column][\/vc_row]<\/p>\n<\/div>","protected":false},"excerpt":{"rendered":"<p>[vc_row css=&#8221;.vc_custom_1579130405804{margin-bottom: 100px !important;}&#8221;][vc_column][vc_custom_heading text=&#8221;Non-legal careers&#8221; font_container=&#8221;tag:h1|text_align:center&#8221; use_theme_fonts=&#8221;yes&#8221;][\/vc_column][\/vc_row][vc_row][vc_column][vc_column_text]BEURLE is a growth-oriented law firm, with emphasis on organic growth. The goal is to ensure the future of the firm by providing perfect service to our clients through constant, competent personnel at various levels. The back office plays an important role in this regard &#8211; its competence&hellip;<\/p>\n","protected":false},"author":4,"featured_media":0,"parent":2770,"menu_order":10,"comment_status":"closed","ping_status":"closed","template":"","meta":{"_acf_changed":false,"inline_featured_image":false,"footnotes":""},"class_list":["post-4243","page","type-page","status-publish","hentry","description-off"],"acf":[],"yoast_head":"<!-- This site is optimized with the Yoast SEO plugin v27.4 - https:\/\/yoast.com\/product\/yoast-seo-wordpress\/ -->\n<title>Non-legal careers - BEURLE Rechtsanw\u00e4lte, Linz<\/title>\n<meta name=\"robots\" content=\"index, follow, max-snippet:-1, max-image-preview:large, max-video-preview:-1\" \/>\n<link rel=\"canonical\" href=\"https:\/\/www.beurle.eu\/en\/careers\/non-legal-careers\/\" \/>\n<meta property=\"og:locale\" content=\"en_US\" \/>\n<meta property=\"og:type\" content=\"article\" \/>\n<meta property=\"og:title\" content=\"Non-legal careers - BEURLE Rechtsanw\u00e4lte, Linz\" \/>\n<meta property=\"og:description\" content=\"[vc_row css=&#8221;.vc_custom_1579130405804{margin-bottom: 100px !important;}&#8221;][vc_column][vc_custom_heading text=&#8221;Non-legal careers&#8221; font_container=&#8221;tag:h1|text_align:center&#8221; use_theme_fonts=&#8221;yes&#8221;][\/vc_column][\/vc_row][vc_row][vc_column][vc_column_text]BEURLE is a growth-oriented law firm, with emphasis on organic growth. The goal is to ensure the future of the firm by providing perfect service to our clients through constant, competent personnel at various levels. The back office plays an important role in this regard &#8211; its competence&hellip;\" \/>\n<meta property=\"og:url\" content=\"https:\/\/www.beurle.eu\/en\/careers\/non-legal-careers\/\" \/>\n<meta property=\"og:site_name\" content=\"BEURLE Rechtsanw\u00e4lte, Linz\" \/>\n<meta property=\"article:modified_time\" content=\"2023-01-09T10:33:39+00:00\" \/>\n<meta name=\"twitter:card\" content=\"summary_large_image\" \/>\n<meta name=\"twitter:label1\" content=\"Est. reading time\" \/>\n\t<meta name=\"twitter:data1\" content=\"3 minutes\" \/>\n<script type=\"application\/ld+json\" class=\"yoast-schema-graph\">{\"@context\":\"https:\\\/\\\/schema.org\",\"@graph\":[{\"@type\":\"WebPage\",\"@id\":\"https:\\\/\\\/www.beurle.eu\\\/en\\\/careers\\\/non-legal-careers\\\/\",\"url\":\"https:\\\/\\\/www.beurle.eu\\\/en\\\/careers\\\/non-legal-careers\\\/\",\"name\":\"Non-legal careers - BEURLE Rechtsanw\u00e4lte, Linz\",\"isPartOf\":{\"@id\":\"https:\\\/\\\/www.beurle.eu\\\/en\\\/#website\"},\"datePublished\":\"2023-01-09T10:29:40+00:00\",\"dateModified\":\"2023-01-09T10:33:39+00:00\",\"breadcrumb\":{\"@id\":\"https:\\\/\\\/www.beurle.eu\\\/en\\\/careers\\\/non-legal-careers\\\/#breadcrumb\"},\"inLanguage\":\"en-US\",\"potentialAction\":[{\"@type\":\"ReadAction\",\"target\":[\"https:\\\/\\\/www.beurle.eu\\\/en\\\/careers\\\/non-legal-careers\\\/\"]}]},{\"@type\":\"BreadcrumbList\",\"@id\":\"https:\\\/\\\/www.beurle.eu\\\/en\\\/careers\\\/non-legal-careers\\\/#breadcrumb\",\"itemListElement\":[{\"@type\":\"ListItem\",\"position\":1,\"name\":\"Startseite\",\"item\":\"https:\\\/\\\/www.beurle.eu\\\/en\\\/\"},{\"@type\":\"ListItem\",\"position\":2,\"name\":\"Careers\",\"item\":\"https:\\\/\\\/www.beurle.eu\\\/en\\\/careers\\\/\"},{\"@type\":\"ListItem\",\"position\":3,\"name\":\"Non-legal careers\"}]},{\"@type\":\"WebSite\",\"@id\":\"https:\\\/\\\/www.beurle.eu\\\/en\\\/#website\",\"url\":\"https:\\\/\\\/www.beurle.eu\\\/en\\\/\",\"name\":\"BEURLE Rechtsanw\u00e4lte, Linz\",\"description\":\"BEURLE Rechtsanw\u00e4lte beraten in- und ausl\u00e4ndische Unternehmen aus dem privaten und \u00f6ffentlichen Sektor in allen rechtlichen Belangen.\",\"potentialAction\":[{\"@type\":\"SearchAction\",\"target\":{\"@type\":\"EntryPoint\",\"urlTemplate\":\"https:\\\/\\\/www.beurle.eu\\\/en\\\/?s={search_term_string}\"},\"query-input\":{\"@type\":\"PropertyValueSpecification\",\"valueRequired\":true,\"valueName\":\"search_term_string\"}}],\"inLanguage\":\"en-US\"}]}<\/script>\n<!-- \/ Yoast SEO plugin. -->","yoast_head_json":{"title":"Non-legal careers - BEURLE Rechtsanw\u00e4lte, Linz","robots":{"index":"index","follow":"follow","max-snippet":"max-snippet:-1","max-image-preview":"max-image-preview:large","max-video-preview":"max-video-preview:-1"},"canonical":"https:\/\/www.beurle.eu\/en\/careers\/non-legal-careers\/","og_locale":"en_US","og_type":"article","og_title":"Non-legal careers - BEURLE Rechtsanw\u00e4lte, Linz","og_description":"[vc_row css=&#8221;.vc_custom_1579130405804{margin-bottom: 100px !important;}&#8221;][vc_column][vc_custom_heading text=&#8221;Non-legal careers&#8221; font_container=&#8221;tag:h1|text_align:center&#8221; use_theme_fonts=&#8221;yes&#8221;][\/vc_column][\/vc_row][vc_row][vc_column][vc_column_text]BEURLE is a growth-oriented law firm, with emphasis on organic growth. The goal is to ensure the future of the firm by providing perfect service to our clients through constant, competent personnel at various levels. The back office plays an important role in this regard &#8211; its competence&hellip;","og_url":"https:\/\/www.beurle.eu\/en\/careers\/non-legal-careers\/","og_site_name":"BEURLE Rechtsanw\u00e4lte, Linz","article_modified_time":"2023-01-09T10:33:39+00:00","twitter_card":"summary_large_image","twitter_misc":{"Est. reading time":"3 minutes"},"schema":{"@context":"https:\/\/schema.org","@graph":[{"@type":"WebPage","@id":"https:\/\/www.beurle.eu\/en\/careers\/non-legal-careers\/","url":"https:\/\/www.beurle.eu\/en\/careers\/non-legal-careers\/","name":"Non-legal careers - BEURLE Rechtsanw\u00e4lte, Linz","isPartOf":{"@id":"https:\/\/www.beurle.eu\/en\/#website"},"datePublished":"2023-01-09T10:29:40+00:00","dateModified":"2023-01-09T10:33:39+00:00","breadcrumb":{"@id":"https:\/\/www.beurle.eu\/en\/careers\/non-legal-careers\/#breadcrumb"},"inLanguage":"en-US","potentialAction":[{"@type":"ReadAction","target":["https:\/\/www.beurle.eu\/en\/careers\/non-legal-careers\/"]}]},{"@type":"BreadcrumbList","@id":"https:\/\/www.beurle.eu\/en\/careers\/non-legal-careers\/#breadcrumb","itemListElement":[{"@type":"ListItem","position":1,"name":"Startseite","item":"https:\/\/www.beurle.eu\/en\/"},{"@type":"ListItem","position":2,"name":"Careers","item":"https:\/\/www.beurle.eu\/en\/careers\/"},{"@type":"ListItem","position":3,"name":"Non-legal careers"}]},{"@type":"WebSite","@id":"https:\/\/www.beurle.eu\/en\/#website","url":"https:\/\/www.beurle.eu\/en\/","name":"BEURLE Rechtsanw\u00e4lte, Linz","description":"BEURLE Rechtsanw\u00e4lte beraten in- und ausl\u00e4ndische Unternehmen aus dem privaten und \u00f6ffentlichen Sektor in allen rechtlichen Belangen.","potentialAction":[{"@type":"SearchAction","target":{"@type":"EntryPoint","urlTemplate":"https:\/\/www.beurle.eu\/en\/?s={search_term_string}"},"query-input":{"@type":"PropertyValueSpecification","valueRequired":true,"valueName":"search_term_string"}}],"inLanguage":"en-US"}]}},"_links":{"self":[{"href":"https:\/\/www.beurle.eu\/en\/wp-json\/wp\/v2\/pages\/4243","targetHints":{"allow":["GET"]}}],"collection":[{"href":"https:\/\/www.beurle.eu\/en\/wp-json\/wp\/v2\/pages"}],"about":[{"href":"https:\/\/www.beurle.eu\/en\/wp-json\/wp\/v2\/types\/page"}],"author":[{"embeddable":true,"href":"https:\/\/www.beurle.eu\/en\/wp-json\/wp\/v2\/users\/4"}],"replies":[{"embeddable":true,"href":"https:\/\/www.beurle.eu\/en\/wp-json\/wp\/v2\/comments?post=4243"}],"version-history":[{"count":0,"href":"https:\/\/www.beurle.eu\/en\/wp-json\/wp\/v2\/pages\/4243\/revisions"}],"up":[{"embeddable":true,"href":"https:\/\/www.beurle.eu\/en\/wp-json\/wp\/v2\/pages\/2770"}],"wp:attachment":[{"href":"https:\/\/www.beurle.eu\/en\/wp-json\/wp\/v2\/media?parent=4243"}],"curies":[{"name":"wp","href":"https:\/\/api.w.org\/{rel}","templated":true}]}}