{"id":2777,"date":"2020-04-10T13:20:20","date_gmt":"2020-04-10T11:20:20","guid":{"rendered":"https:\/\/www.beurle.eu\/firm\/"},"modified":"2023-07-07T07:52:33","modified_gmt":"2023-07-07T05:52:33","slug":"firm","status":"publish","type":"page","link":"https:\/\/www.beurle.eu\/en\/firm\/","title":{"rendered":"Firm"},"content":{"rendered":"<div class=\"wpb-content-wrapper\"><p>[vc_row css=&#8221;.vc_custom_1579130405804{margin-bottom: 100px !important;}&#8221;][vc_column][vc_custom_heading text=&#8221;MEMBER OF YOUR TEAM&#8221; font_container=&#8221;tag:h1|text_align:center&#8221; use_theme_fonts=&#8221;yes&#8221;][\/vc_column][\/vc_row][vc_row][vc_column][vc_column_text]<\/p>\n<h3><strong>Our clients<\/strong><\/h3>\n<p>From start-ups to corporations, regional niche players to international world market leaders, small hydropower plants to municipal infrastructure companies \u2013 we are proud of the longstanding clients we have the privilege to serve.[\/vc_column_text][\/vc_column][\/vc_row][vc_row disable_element=&#8221;yes&#8221; ult_hide_row=&#8221;ult_hide_row_value&#8221; ult_hide_row_large_screen=&#8221;large_screen&#8221; ult_hide_row_desktop=&#8221;desktop&#8221; ult_hide_row_tablet=&#8221;tablet&#8221; ult_hide_row_tablet_small=&#8221;xs_tablet&#8221; ult_hide_row_mobile=&#8221;mobile&#8221; ult_hide_row_mobile_large=&#8221;xl_mobile&#8221;][vc_column][vc_custom_heading text=&#8221;Our clients about us&#8221; font_container=&#8221;tag:h3|text_align:left&#8221;][vc_empty_space][\/vc_column][\/vc_row][vc_row bg_type=&#8221;bg_color&#8221; ult_hide_row=&#8221;ult_hide_row_value&#8221; ult_hide_row_mobile=&#8221;mobile&#8221; ult_hide_row_mobile_large=&#8221;xl_mobile&#8221;][vc_column]<div id=\"ult-carousel-164290739669e451c7cf375\" class=\"ult-carousel-wrapper   ult_horizontal\" data-gutter=\"50\" data-rtl=\"false\" ><div class=\"ult-carousel-282123545169e451c7cf327 \" >[vc_row_inner gap=&#8221;20&#8243;][vc_column_inner][vc_single_image image=&#8221;3636&#8243; img_size=&#8221;500&#215;330&#8243; add_caption=&#8221;yes&#8221;][vc_empty_space height=&#8221;30&#8243;][vc_column_text]<br \/>\nE.ON is a privately owned international energy company. With intelligent energy networks and innovative customer solutions, we are completely focused on the new energy world &#8211; and on improving people&#8217;s lives.<\/p>\n<p>BEURLE Rechtsanw\u00e4lte provided us with comprehensive corporate and energy law advice during the establishment of our Austrian subsidiary E.ON Energie \u00d6sterreich GmbH and the transfer of the entire electricity and gas distribution business in Austria.<\/p>\n<p>I particularly appreciated the close exchange and the great cooperation as well as the pragmatic, legally formative approach of BEURLE Rechtsanw\u00e4lte. We felt in good hands and well advised at all times. Dr. Oberndorfer and Mag. Mayr also always made it possible to coordinate matters at short notice &#8211; for this I would like to express my sincere thanks, also on behalf of my E.ON colleagues<\/p>\n<h4>Jennifer Gershoff, Project Manager E.ON<\/h4>\n<p>&nbsp;[\/vc_column_text][\/vc_column_inner][\/vc_row_inner][vc_row_inner gap=&#8221;20&#8243;][vc_column_inner][vc_single_image image=&#8221;3195&#8243; img_size=&#8221;500&#215;330&#8243; add_caption=&#8221;yes&#8221;][vc_empty_space height=&#8221;30&#8243;][vc_column_text]<br \/>\nH\u00d6DLMAYR INTERNATIONAL is a specialist in global vehicle logistics and offers customized solutions along the entire vehicle distribution chain, from the takeover of vehicles ex works\/port of entry to delivery to the vehicle dealer\/fleet owner, including service, conversions and installations, and the production of special models. With 2,000 employees and one of the largest transport fleets in Europe, the group moves around 1.8 million vehicles per year.<\/p>\n<p>As an internationally active family business, we appreciate the heart and soul with which our lawyer Rudolf Mitterlehner is part of our team. He is always immediately available to us and we trust his excellent expertise, not only in transport and contract law. With his hands-on mentality and the serious background of this traditional law firm, we feel in good hands.<\/p>\n<h4>KommR Johannes H\u00f6dlmayr, MBA &amp; Johannes Alexander H\u00f6dlmayr, MA<\/h4>\n<p>&nbsp;[\/vc_column_text][\/vc_column_inner][\/vc_row_inner][vc_row_inner gap=&#8221;20&#8243;][vc_column_inner][vc_single_image image=&#8221;3226&#8243; img_size=&#8221;500&#215;330&#8243; add_caption=&#8221;yes&#8221;][vc_empty_space height=&#8221;30&#8243;][vc_column_text]<br \/>\nAs Austria&#8217;s fourth-largest energy and service company, Energie Steiermark attaches great importance to energy efficiency and innovative service offerings in the fields of electricity, natural gas, heat and mobility. This also requires sound legal expertise.<\/p>\n<p>In energy law, you have to look for such profound expertise as Paul Oberndorfer possesses. But not only his legal know-how, but also his understanding of our technical processes and challenges, enable us to communicate at eye level. Absolute needs orientation, reliability and handshake quality characterize him, which is why we enjoy working with him.<\/p>\n<h4>Vorstandsdirektor DI (FH) Mag. (FH) Martin Graf, MBA<\/h4>\n<p>&nbsp;[\/vc_column_text][\/vc_column_inner][\/vc_row_inner][vc_row_inner gap=&#8221;20&#8243;][vc_column_inner][vc_single_image image=&#8221;3238&#8243; img_size=&#8221;500&#215;330&#8243; add_caption=&#8221;yes&#8221;][vc_empty_space height=&#8221;30&#8243;][vc_column_text]<br \/>\nAs a modern energy and infrastructure service provider, LINZ AG supplies more than 400,000 people in the region 365 days a year, 24 hours a day, with clean energy, the best drinking water, fast internet, heat, public transport and numerous services in the area of public services.<\/p>\n<p>In order to fulfill this responsible task, we need reliable partners like BEURLE Rechtsanw\u00e4lte. Competence and trust characterize the long-standing cooperation with our contact partner Klaus Oberndorfer, who, with his legal expertise and excellent economic knowledge, has advised us on many important milestones, be it the liberalization of the energy market, acquisitions or local public transport. In addition to his undisputed expertise, even in difficult legal tasks, I particularly appreciate his solution-oriented, creative approach and his loyalty. A successful partnership that we will continue to rely on in the future!<\/p>\n<h4>Generaldirektor DI Erich Haider, MBA<\/h4>\n<p>&nbsp;[\/vc_column_text][\/vc_column_inner][\/vc_row_inner]<\/div><\/div>\t\t\t<script type=\"text\/javascript\">\n\t\t\t\tjQuery(document).ready(function ($) {\n\t\t\t\t\tif( typeof jQuery('.ult-carousel-282123545169e451c7cf327').slick == \"function\"){\n\t\t\t\t\t\t$('.ult-carousel-282123545169e451c7cf327').slick({dots: false,autoplaySpeed: \"5000\",speed: \"300\",infinite: true,arrows: true,nextArrow: '<button type=\"button\" role=\"button\" aria-label=\"Next\" style=\"color:#99002d; font-size:36px;\" class=\"slick-next default\"><i class=\"ultsl-arrow-right4\"><\/i><\/button>',prevArrow: '<button type=\"button\" role=\"button\" aria-label=\"Previous\" style=\"color:#99002d; font-size:36px;\" class=\"slick-prev default\"><i class=\"ultsl-arrow-left4\"><\/i><\/button>',slidesToScroll:2,slidesToShow:2,swipe: true,draggable: true,touchMove: true,pauseOnHover: true,pauseOnFocus: false,adaptiveHeight: true,responsive: [\n\t\t\t\t\t\t\t{\n\t\t\t\t\t\t\t  breakpoint: 1026,\n\t\t\t\t\t\t\t  settings: {\n\t\t\t\t\t\t\t\tslidesToShow: 2,\n\t\t\t\t\t\t\t\tslidesToScroll: 2,  \n\t\t\t\t\t\t\t  }\n\t\t\t\t\t\t\t},\n\t\t\t\t\t\t\t{\n\t\t\t\t\t\t\t  breakpoint: 1025,\n\t\t\t\t\t\t\t  settings: {\n\t\t\t\t\t\t\t\tslidesToShow: 2,\n\t\t\t\t\t\t\t\tslidesToScroll: 2\n\t\t\t\t\t\t\t  }\n\t\t\t\t\t\t\t},\n\t\t\t\t\t\t\t{\n\t\t\t\t\t\t\t  breakpoint: 760,\n\t\t\t\t\t\t\t  settings: {\n\t\t\t\t\t\t\t\tslidesToShow: 1,\n\t\t\t\t\t\t\t\tslidesToScroll: 1\n\t\t\t\t\t\t\t  }\n\t\t\t\t\t\t\t}\n\t\t\t\t\t\t],pauseOnDotsHover: true,customPaging: function(slider, i) {\n                   return '<i type=\"button\" style= \"color:#333333;\" class=\"ultsl-record\" data-role=\"none\"><\/i>';\n                },});\n\t\t\t\t\t}\n\t\t\t\t});\n\t\t\t<\/script>\n\t\t\t[\/vc_column][\/vc_row][vc_row bg_type=&#8221;bg_color&#8221; ult_hide_row=&#8221;ult_hide_row_value&#8221; ult_hide_row_large_screen=&#8221;large_screen&#8221; ult_hide_row_desktop=&#8221;desktop&#8221; ult_hide_row_tablet=&#8221;tablet&#8221; ult_hide_row_tablet_small=&#8221;xs_tablet&#8221;][vc_column][vc_tta_accordion style=&#8221;flat&#8221; shape=&#8221;square&#8221; color=&#8221;white&#8221; c_icon=&#8221;&#8221; active_section=&#8221;1&#8243; no_fill=&#8221;true&#8221;][vc_tta_section title=&#8221;H\u00d6DLMAYR INTERNATIONAL about us &#8230;&#8221; tab_id=&#8221;1590750036041-8241af47-5ce7&#8243;][vc_single_image image=&#8221;3195&#8243; img_size=&#8221;large&#8221; add_caption=&#8221;yes&#8221;][vc_empty_space height=&#8221;30&#8243;][vc_column_text]H\u00d6DLMAYR INTERNATIONAL is a specialist in global vehicle logistics and offers customized solutions along the entire vehicle distribution chain, from the takeover of vehicles ex works\/port of entry to delivery to the vehicle dealer\/fleet owner, including service, conversions and installations, and the production of special models. With 2,000 employees and one of the largest transport fleets in Europe, the group moves around 1.8 million vehicles per year.<\/p>\n<p>As an internationally active family business, we appreciate the heart and soul with which our lawyer Rudolf Mitterlehner is part of our team. He is always immediately available to us and we trust his excellent expertise, not only in transport and contract law. With his hands-on mentality and the serious background of this traditional law firm, we feel in good hands.<\/p>\n<h4>KommR Johannes H\u00f6dlmayr, MBA &amp; Johannes Alexander H\u00f6dlmayr, MA<\/h4>\n<p>[\/vc_column_text][\/vc_tta_section][vc_tta_section title=&#8221;ENERGIE STEIERMARK about us&#8230;&#8221; tab_id=&#8221;1591695586501-dcf0bebf-b49a&#8221;][vc_single_image image=&#8221;3226&#8243; img_size=&#8221;large&#8221; add_caption=&#8221;yes&#8221;][vc_empty_space height=&#8221;30&#8243;][vc_column_text]As Austria&#8217;s fourth-largest energy and service company, Energie Steiermark attaches great importance to energy efficiency and innovative service offerings in the fields of electricity, natural gas, heat and mobility. This also requires sound legal expertise.<\/p>\n<p>In energy law, you have to look for such profound expertise as Paul Oberndorfer possesses. But not only his legal know-how, but also his understanding of our technical processes and challenges, enable us to communicate at eye level. Absolute needs orientation, reliability and handshake quality characterize him, which is why we enjoy working with him.<\/p>\n<h4>Vorstandsdirektor DI (FH) Mag. (FH) Martin Graf, MBA<\/h4>\n<p>[\/vc_column_text][\/vc_tta_section][vc_tta_section title=&#8221;Linz AG about us&#8230;&#8221; tab_id=&#8221;1592295857494-6abc750e-4cdb&#8221;][vc_single_image image=&#8221;3238&#8243; img_size=&#8221;large&#8221; add_caption=&#8221;yes&#8221;][vc_empty_space height=&#8221;30&#8243;][vc_column_text]As a modern energy and infrastructure service provider, LINZ AG supplies more than 400,000 people in the region 365 days a year, 24 hours a day, with clean energy, the best drinking water, fast internet, heat, public transport and numerous services in the area of public services.<\/p>\n<p>In order to fulfill this responsible task, we need reliable partners like BEURLE Rechtsanw\u00e4lte. Competence and trust characterize the long-standing cooperation with our contact partner Klaus Oberndorfer, who, with his legal expertise and excellent economic knowledge, has advised us on many important milestones, be it the liberalization of the energy market, acquisitions or local public transport. In addition to his undisputed expertise, even in difficult legal tasks, I particularly appreciate his solution-oriented, creative approach and his loyalty. A successful partnership that we will continue to rely on in the future!<\/p>\n<h4>Generaldirektor DI Erich Haider, MBA<\/h4>\n<p>[\/vc_column_text][\/vc_tta_section][vc_tta_section title=&#8221;E.ON about us &#8230;&#8221; tab_id=&#8221;1626249749815-e51ad0b4-fe8b&#8221;][vc_single_image image=&#8221;3636&#8243; img_size=&#8221;large&#8221;][vc_empty_space height=&#8221;30&#8243;][vc_column_text]E.ON is a privately owned international energy company. With intelligent energy networks and innovative customer solutions, we are completely focused on the new energy world &#8211; and on improving people&#8217;s lives.<\/p>\n<p>BEURLE Rechtsanw\u00e4lte provided us with comprehensive corporate and energy law advice during the establishment of our Austrian subsidiary E.ON Energie \u00d6sterreich GmbH and the transfer of the entire electricity and gas distribution business in Austria.<\/p>\n<p>I particularly appreciated the close exchange and the great cooperation as well as the pragmatic, legally formative approach of BEURLE Rechtsanw\u00e4lte. We felt in good hands and well advised at all times. Dr. Oberndorfer and Mag. Mayr also always made it possible to coordinate matters at short notice &#8211; for this I would like to express my sincere thanks, also on behalf of my E.ON colleagues!<\/p>\n<h4>Jennifer Gershoff, Projektleiterin E.ON<\/h4>\n<p>[\/vc_column_text][\/vc_tta_section][\/vc_tta_accordion][\/vc_column][\/vc_row][vc_row disable_element=&#8221;yes&#8221; ult_hide_row=&#8221;ult_hide_row_value&#8221; ult_hide_row_large_screen=&#8221;large_screen&#8221; ult_hide_row_desktop=&#8221;desktop&#8221; ult_hide_row_tablet=&#8221;tablet&#8221; ult_hide_row_tablet_small=&#8221;xs_tablet&#8221; ult_hide_row_mobile=&#8221;mobile&#8221; ult_hide_row_mobile_large=&#8221;xl_mobile&#8221; css=&#8221;.vc_custom_1587472629549{margin-bottom: 20px !important;}&#8221;][vc_column]<div class=\"hr-thin style-line\" style=\"width: 100%;border-top-width: 1px;\"><\/div>[\/vc_column][\/vc_row][vc_row disable_element=&#8221;yes&#8221; css=&#8221;.vc_custom_1587472651898{margin-bottom: 20px !important;}&#8221;][vc_column]<div class=\"hr-thin style-line\" style=\"width: 100%;border-top-width: 1px;\"><\/div>[\/vc_column][\/vc_row][vc_row disable_element=&#8221;yes&#8221;][vc_column css=&#8221;.vc_custom_1596012330245{margin-bottom: 60px !important;}&#8221;][vc_single_image image=&#8221;3286&#8243; img_size=&#8221;full&#8221;][\/vc_column][\/vc_row][vc_row][vc_column][vc_column_text]<\/p>\n<h3><strong>Our identity<\/strong><\/h3>\n<p>We\u2019re part of your team. We speak your language and communicate with you on equal terms. We provide long-term strategic support in the face of pressing issues. We interact together with you and represent your interests. We provide honest assessment. Our experience empowers us to make sound and accurate proposals for practical solutions.<\/p>\n<p>&nbsp;<\/p>\n<h3>History<\/h3>\n<p>Since the foundation of the law firm on 15 April 1890 &#8211; that is, for over 130 years &#8211; legal advice to companies has been a top priority at our location in Linz, Landstra\u00dfe 9. The current partners of the law firm are proud to support successful companies. We also want to accompany and help shape your future.<\/p>\n<p>&nbsp;<\/p>\n<h3>Our office in Vienna<\/h3>\n<p>Our Vienna office is centrally located in the 1st district. Consultations and meetings with our clients are also possible here.[\/vc_column_text][\/vc_column][\/vc_row][vc_row][vc_column][vc_empty_space][\/vc_column][\/vc_row]<\/p>\n<\/div>","protected":false},"excerpt":{"rendered":"<p>[vc_row css=&#8221;.vc_custom_1579130405804{margin-bottom: 100px !important;}&#8221;][vc_column][vc_custom_heading text=&#8221;MEMBER OF YOUR TEAM&#8221; font_container=&#8221;tag:h1|text_align:center&#8221; use_theme_fonts=&#8221;yes&#8221;][\/vc_column][\/vc_row][vc_row][vc_column][vc_column_text] Our clients From start-ups to corporations, regional niche players to international world market leaders, small hydropower plants to municipal infrastructure companies \u2013 we are proud of the longstanding clients we have the privilege to serve.[\/vc_column_text][\/vc_column][\/vc_row][vc_row disable_element=&#8221;yes&#8221; ult_hide_row=&#8221;ult_hide_row_value&#8221; ult_hide_row_large_screen=&#8221;large_screen&#8221; ult_hide_row_desktop=&#8221;desktop&#8221; ult_hide_row_tablet=&#8221;tablet&#8221; ult_hide_row_tablet_small=&#8221;xs_tablet&#8221; ult_hide_row_mobile=&#8221;mobile&#8221; ult_hide_row_mobile_large=&#8221;xl_mobile&#8221;][vc_column][vc_custom_heading text=&#8221;Our clients&hellip;<\/p>\n","protected":false},"author":2,"featured_media":0,"parent":0,"menu_order":10,"comment_status":"closed","ping_status":"closed","template":"","meta":{"_acf_changed":false,"inline_featured_image":false,"footnotes":""},"class_list":["post-2777","page","type-page","status-publish","hentry","description-off"],"acf":[],"yoast_head":"<!-- This site is optimized with the Yoast SEO plugin v27.4 - https:\/\/yoast.com\/product\/yoast-seo-wordpress\/ -->\n<title>Firm - BEURLE Rechtsanw\u00e4lte, Linz<\/title>\n<meta name=\"robots\" content=\"index, follow, max-snippet:-1, max-image-preview:large, max-video-preview:-1\" \/>\n<link rel=\"canonical\" href=\"https:\/\/www.beurle.eu\/en\/firm\/\" \/>\n<meta property=\"og:locale\" content=\"en_US\" \/>\n<meta property=\"og:type\" content=\"article\" \/>\n<meta property=\"og:title\" content=\"Firm - BEURLE Rechtsanw\u00e4lte, Linz\" \/>\n<meta property=\"og:description\" content=\"[vc_row css=&#8221;.vc_custom_1579130405804{margin-bottom: 100px !important;}&#8221;][vc_column][vc_custom_heading text=&#8221;MEMBER OF YOUR TEAM&#8221; font_container=&#8221;tag:h1|text_align:center&#8221; use_theme_fonts=&#8221;yes&#8221;][\/vc_column][\/vc_row][vc_row][vc_column][vc_column_text] Our clients From start-ups to corporations, regional niche players to international world market leaders, small hydropower plants to municipal infrastructure companies \u2013 we are proud of the longstanding clients we have the privilege to serve.[\/vc_column_text][\/vc_column][\/vc_row][vc_row disable_element=&#8221;yes&#8221; ult_hide_row=&#8221;ult_hide_row_value&#8221; ult_hide_row_large_screen=&#8221;large_screen&#8221; ult_hide_row_desktop=&#8221;desktop&#8221; ult_hide_row_tablet=&#8221;tablet&#8221; ult_hide_row_tablet_small=&#8221;xs_tablet&#8221; ult_hide_row_mobile=&#8221;mobile&#8221; ult_hide_row_mobile_large=&#8221;xl_mobile&#8221;][vc_column][vc_custom_heading text=&#8221;Our clients&hellip;\" \/>\n<meta property=\"og:url\" content=\"https:\/\/www.beurle.eu\/en\/firm\/\" \/>\n<meta property=\"og:site_name\" content=\"BEURLE Rechtsanw\u00e4lte, Linz\" \/>\n<meta property=\"article:modified_time\" content=\"2023-07-07T05:52:33+00:00\" \/>\n<meta name=\"twitter:card\" content=\"summary_large_image\" \/>\n<meta name=\"twitter:label1\" content=\"Est. reading time\" \/>\n\t<meta name=\"twitter:data1\" content=\"8 minutes\" \/>\n<script type=\"application\/ld+json\" class=\"yoast-schema-graph\">{\"@context\":\"https:\\\/\\\/schema.org\",\"@graph\":[{\"@type\":\"WebPage\",\"@id\":\"https:\\\/\\\/www.beurle.eu\\\/en\\\/firm\\\/\",\"url\":\"https:\\\/\\\/www.beurle.eu\\\/en\\\/firm\\\/\",\"name\":\"Firm - BEURLE Rechtsanw\u00e4lte, Linz\",\"isPartOf\":{\"@id\":\"https:\\\/\\\/www.beurle.eu\\\/en\\\/#website\"},\"datePublished\":\"2020-04-10T11:20:20+00:00\",\"dateModified\":\"2023-07-07T05:52:33+00:00\",\"breadcrumb\":{\"@id\":\"https:\\\/\\\/www.beurle.eu\\\/en\\\/firm\\\/#breadcrumb\"},\"inLanguage\":\"en-US\",\"potentialAction\":[{\"@type\":\"ReadAction\",\"target\":[\"https:\\\/\\\/www.beurle.eu\\\/en\\\/firm\\\/\"]}]},{\"@type\":\"BreadcrumbList\",\"@id\":\"https:\\\/\\\/www.beurle.eu\\\/en\\\/firm\\\/#breadcrumb\",\"itemListElement\":[{\"@type\":\"ListItem\",\"position\":1,\"name\":\"Startseite\",\"item\":\"https:\\\/\\\/www.beurle.eu\\\/en\\\/\"},{\"@type\":\"ListItem\",\"position\":2,\"name\":\"Firm\"}]},{\"@type\":\"WebSite\",\"@id\":\"https:\\\/\\\/www.beurle.eu\\\/en\\\/#website\",\"url\":\"https:\\\/\\\/www.beurle.eu\\\/en\\\/\",\"name\":\"BEURLE Rechtsanw\u00e4lte, Linz\",\"description\":\"BEURLE Rechtsanw\u00e4lte beraten in- und ausl\u00e4ndische Unternehmen aus dem privaten und \u00f6ffentlichen Sektor in allen rechtlichen Belangen.\",\"potentialAction\":[{\"@type\":\"SearchAction\",\"target\":{\"@type\":\"EntryPoint\",\"urlTemplate\":\"https:\\\/\\\/www.beurle.eu\\\/en\\\/?s={search_term_string}\"},\"query-input\":{\"@type\":\"PropertyValueSpecification\",\"valueRequired\":true,\"valueName\":\"search_term_string\"}}],\"inLanguage\":\"en-US\"}]}<\/script>\n<!-- \/ Yoast SEO plugin. -->","yoast_head_json":{"title":"Firm - BEURLE Rechtsanw\u00e4lte, Linz","robots":{"index":"index","follow":"follow","max-snippet":"max-snippet:-1","max-image-preview":"max-image-preview:large","max-video-preview":"max-video-preview:-1"},"canonical":"https:\/\/www.beurle.eu\/en\/firm\/","og_locale":"en_US","og_type":"article","og_title":"Firm - BEURLE Rechtsanw\u00e4lte, Linz","og_description":"[vc_row css=&#8221;.vc_custom_1579130405804{margin-bottom: 100px !important;}&#8221;][vc_column][vc_custom_heading text=&#8221;MEMBER OF YOUR TEAM&#8221; font_container=&#8221;tag:h1|text_align:center&#8221; use_theme_fonts=&#8221;yes&#8221;][\/vc_column][\/vc_row][vc_row][vc_column][vc_column_text] Our clients From start-ups to corporations, regional niche players to international world market leaders, small hydropower plants to municipal infrastructure companies \u2013 we are proud of the longstanding clients we have the privilege to serve.[\/vc_column_text][\/vc_column][\/vc_row][vc_row disable_element=&#8221;yes&#8221; ult_hide_row=&#8221;ult_hide_row_value&#8221; ult_hide_row_large_screen=&#8221;large_screen&#8221; ult_hide_row_desktop=&#8221;desktop&#8221; ult_hide_row_tablet=&#8221;tablet&#8221; ult_hide_row_tablet_small=&#8221;xs_tablet&#8221; ult_hide_row_mobile=&#8221;mobile&#8221; ult_hide_row_mobile_large=&#8221;xl_mobile&#8221;][vc_column][vc_custom_heading text=&#8221;Our clients&hellip;","og_url":"https:\/\/www.beurle.eu\/en\/firm\/","og_site_name":"BEURLE Rechtsanw\u00e4lte, Linz","article_modified_time":"2023-07-07T05:52:33+00:00","twitter_card":"summary_large_image","twitter_misc":{"Est. reading time":"8 minutes"},"schema":{"@context":"https:\/\/schema.org","@graph":[{"@type":"WebPage","@id":"https:\/\/www.beurle.eu\/en\/firm\/","url":"https:\/\/www.beurle.eu\/en\/firm\/","name":"Firm - BEURLE Rechtsanw\u00e4lte, Linz","isPartOf":{"@id":"https:\/\/www.beurle.eu\/en\/#website"},"datePublished":"2020-04-10T11:20:20+00:00","dateModified":"2023-07-07T05:52:33+00:00","breadcrumb":{"@id":"https:\/\/www.beurle.eu\/en\/firm\/#breadcrumb"},"inLanguage":"en-US","potentialAction":[{"@type":"ReadAction","target":["https:\/\/www.beurle.eu\/en\/firm\/"]}]},{"@type":"BreadcrumbList","@id":"https:\/\/www.beurle.eu\/en\/firm\/#breadcrumb","itemListElement":[{"@type":"ListItem","position":1,"name":"Startseite","item":"https:\/\/www.beurle.eu\/en\/"},{"@type":"ListItem","position":2,"name":"Firm"}]},{"@type":"WebSite","@id":"https:\/\/www.beurle.eu\/en\/#website","url":"https:\/\/www.beurle.eu\/en\/","name":"BEURLE Rechtsanw\u00e4lte, Linz","description":"BEURLE Rechtsanw\u00e4lte beraten in- und ausl\u00e4ndische Unternehmen aus dem privaten und \u00f6ffentlichen Sektor in allen rechtlichen Belangen.","potentialAction":[{"@type":"SearchAction","target":{"@type":"EntryPoint","urlTemplate":"https:\/\/www.beurle.eu\/en\/?s={search_term_string}"},"query-input":{"@type":"PropertyValueSpecification","valueRequired":true,"valueName":"search_term_string"}}],"inLanguage":"en-US"}]}},"_links":{"self":[{"href":"https:\/\/www.beurle.eu\/en\/wp-json\/wp\/v2\/pages\/2777","targetHints":{"allow":["GET"]}}],"collection":[{"href":"https:\/\/www.beurle.eu\/en\/wp-json\/wp\/v2\/pages"}],"about":[{"href":"https:\/\/www.beurle.eu\/en\/wp-json\/wp\/v2\/types\/page"}],"author":[{"embeddable":true,"href":"https:\/\/www.beurle.eu\/en\/wp-json\/wp\/v2\/users\/2"}],"replies":[{"embeddable":true,"href":"https:\/\/www.beurle.eu\/en\/wp-json\/wp\/v2\/comments?post=2777"}],"version-history":[{"count":5,"href":"https:\/\/www.beurle.eu\/en\/wp-json\/wp\/v2\/pages\/2777\/revisions"}],"predecessor-version":[{"id":4654,"href":"https:\/\/www.beurle.eu\/en\/wp-json\/wp\/v2\/pages\/2777\/revisions\/4654"}],"wp:attachment":[{"href":"https:\/\/www.beurle.eu\/en\/wp-json\/wp\/v2\/media?parent=2777"}],"curies":[{"name":"wp","href":"https:\/\/api.w.org\/{rel}","templated":true}]}}