{"id":2772,"date":"2020-04-10T13:14:24","date_gmt":"2020-04-10T11:14:24","guid":{"rendered":"https:\/\/www.beurle.eu\/data-protection-statement\/"},"modified":"2024-12-12T10:31:06","modified_gmt":"2024-12-12T09:31:06","slug":"data-protection-statement","status":"publish","type":"page","link":"https:\/\/www.beurle.eu\/en\/data-protection-statement\/","title":{"rendered":"Data protection statement"},"content":{"rendered":"<div class=\"wpb-content-wrapper\"><p>[vc_row][vc_column][vc_column_text css=&#8221;&#8221;]This website is operated by BEURLE Rechtsanw\u00e4lte GmbH &amp; Co KG, Landstra\u00dfe 9, 4020 Linz (hereinafter referred to as &#8220;we&#8221; or &#8220;us&#8221;).<\/p>\n<p>This note describes how we, being responsible for data protection, process your personal data in connection with this website.<\/p>\n<p>&nbsp;<\/p>\n<h3>1. Which data do we process about you<\/h3>\n<p>In the course of your visit to this website we will collect the following information: The date and time you access a page on our website, your IP address, name and version of your web browser, the website (URL) you visited before accessing this website and certain cookies (see point 2 below).<\/p>\n<p>&nbsp;<\/p>\n<h3><strong> 2. Cookies<\/strong><\/h3>\n<p>So-called cookies are used on this website. A cookie is a small file that can be stored on your computer when you visit a website. Cookies are generally used to provide users with additional functions on a website. They can be used, for example, to make it easier for you to navigate a website, to enable you to continue to use a website where you left it and\/or to save your preferences and settings when you visit the website again. Cookies cannot access, read or modify any other data on your computer.<\/p>\n<p>Most of the cookies on this website are so-called session cookies. They are automatically deleted when you leave our website. Persistent cookies, on the other hand, remain on your computer until you manually delete them in your browser. We use such permanent cookies to recognize you the next time you visit our website.<\/p>\n<p>If you want to control cookies on your computer, you can select your browser settings to receive a notification when a website wants to store cookies. You can also block or delete cookies if they are already stored on your computer. If you want to know more about how to set these steps, use the &#8220;Help&#8221; function in your browser.<\/p>\n<p>&nbsp;<\/p>\n<h3><strong> 3. Use of Google Analytics<\/strong><\/h3>\n<p>This website uses Google Analytics, a web analysis service of Google Inc. (&#8220;Google&#8221;). Google Analytics uses so-called &#8220;cookies&#8221; &#8211; text files which are stored on your computer and which enable an analysis of your use of the website. The information generated by the cookie about your use of this website is usually transferred to a Google server in the USA and stored there. However, due to the activated IP anonymization on this website, your IP address will be shortened by Google within member states of the European Union or in other contracting states of the Agreement on the European Economic Area before being transferred.<\/p>\n<p>Only in exceptional cases will the full IP address be transferred to a Google server in the USA and shortened there. On behalf of the operator of this website, Google will use this information to evaluate your use of the website, to compile reports on the website activities and to provide further services to the website operator in connection with the use of the website and the Internet. The IP address transmitted by your browser within the scope of Google Analytics is not merged with other Google data.<\/p>\n<p>&nbsp;<\/p>\n<h3><strong> 4. Purpose of data processing<\/strong><\/h3>\n<p>We will process your personal data for the following purposes:<\/p>\n<ul>\n<li>\u00a0\u00a0\u00a0 To provide you with this website and to improve and develop this website;<\/li>\n<li>\u00a0\u00a0\u00a0 To compile usage statistics;<\/li>\n<li>\u00a0\u00a0\u00a0 To detect, prevent and investigate attacks on our website;<\/li>\n<\/ul>\n<p>&nbsp;<\/p>\n<h3>5. Legal basis of the processing<\/h3>\n<p>The legal basis for the processing of your personal data is our overriding legitimate interest (in accordance with Art. 6 para. 1 lit f EU Data Protection Basic Regulation), which is to achieve the purposes mentioned above under point 4.<\/p>\n<p>&nbsp;<\/p>\n<h3><strong> 6. Transmission<\/strong> of<strong> your personal data<\/strong><\/h3>\n<p>For the above mentioned purposes we will transfer your personal data to the following recipients:<\/p>\n<ul>\n<li>\u00a0\u00a0 IT service providers used by us<\/li>\n<li>\u00a0\u00a0\u00a0 Advertising agency commissioned by us<\/li>\n<\/ul>\n<p>&nbsp;<\/p>\n<h3>7. Duration of storage<\/h3>\n<p>We will store your data for a period of three months. Longer storage will only take place to the extent necessary to investigate detected attacks on our website.<\/p>\n<p>&nbsp;<\/p>\n<h3>8. Your rights in connection with personal data<\/h3>\n<p>You are entitled (subject to applicable law), inter alia, to (i) check whether and which personal data we hold about you and to receive copies of such data, (ii) request the correction, completion or deletion of any personal data that is incorrect or not processed in accordance with the law, (iii) request us to process your personal data, and (iv) under certain circumstances, to object to the processing of your personal data or to withdraw the consent previously given for the processing, (v) to require data transferability, (vi) to know the identity of third parties to whom your personal data are transferred, and (vii) to lodge a complaint with the competent authority.<\/p>\n<p>&nbsp;<\/p>\n<h3><strong> 9. Our contact details<\/strong><\/h3>\n<p>If you have any questions or concerns regarding the processing of your personal data, please contact us:<\/p>\n<p><strong>BEURLE Rechtsanw\u00e4lte GmbH &amp; Co KG<\/strong><br \/>\nLandstra\u00dfe 9<br \/>\n4020 Linz<br \/>\noffice@beurle.eu<\/p>\n<p>[\/vc_column_text][\/vc_column][\/vc_row]<\/p>\n<\/div>","protected":false},"excerpt":{"rendered":"<p>[vc_row][vc_column][vc_column_text css=&#8221;&#8221;]This website is operated by BEURLE Rechtsanw\u00e4lte GmbH &amp; Co KG, Landstra\u00dfe 9, 4020 Linz (hereinafter referred to as &#8220;we&#8221; or &#8220;us&#8221;). This note describes how we, being responsible for data protection, process your personal data in connection with this website. &nbsp; 1. Which data do we process about you In the course of&hellip;<\/p>\n","protected":false},"author":2,"featured_media":0,"parent":0,"menu_order":990,"comment_status":"closed","ping_status":"closed","template":"","meta":{"_acf_changed":false,"inline_featured_image":false,"footnotes":""},"class_list":["post-2772","page","type-page","status-publish","hentry","description-off"],"acf":[],"yoast_head":"<!-- This site is optimized with the Yoast SEO plugin v27.4 - https:\/\/yoast.com\/product\/yoast-seo-wordpress\/ -->\n<title>Data protection statement - BEURLE Rechtsanw\u00e4lte, Linz<\/title>\n<meta name=\"robots\" content=\"index, follow, max-snippet:-1, max-image-preview:large, max-video-preview:-1\" \/>\n<link rel=\"canonical\" href=\"https:\/\/www.beurle.eu\/en\/data-protection-statement\/\" \/>\n<meta property=\"og:locale\" content=\"en_US\" \/>\n<meta property=\"og:type\" content=\"article\" \/>\n<meta property=\"og:title\" content=\"Data protection statement - BEURLE Rechtsanw\u00e4lte, Linz\" \/>\n<meta property=\"og:description\" content=\"[vc_row][vc_column][vc_column_text css=&#8221;&#8221;]This website is operated by BEURLE Rechtsanw\u00e4lte GmbH &amp; Co KG, Landstra\u00dfe 9, 4020 Linz (hereinafter referred to as &#8220;we&#8221; or &#8220;us&#8221;). This note describes how we, being responsible for data protection, process your personal data in connection with this website. &nbsp; 1. Which data do we process about you In the course of&hellip;\" \/>\n<meta property=\"og:url\" content=\"https:\/\/www.beurle.eu\/en\/data-protection-statement\/\" \/>\n<meta property=\"og:site_name\" content=\"BEURLE Rechtsanw\u00e4lte, Linz\" \/>\n<meta property=\"article:modified_time\" content=\"2024-12-12T09:31:06+00:00\" \/>\n<meta name=\"twitter:card\" content=\"summary_large_image\" \/>\n<meta name=\"twitter:label1\" content=\"Est. reading time\" \/>\n\t<meta name=\"twitter:data1\" content=\"5 minutes\" \/>\n<script type=\"application\/ld+json\" class=\"yoast-schema-graph\">{\"@context\":\"https:\\\/\\\/schema.org\",\"@graph\":[{\"@type\":\"WebPage\",\"@id\":\"https:\\\/\\\/www.beurle.eu\\\/en\\\/data-protection-statement\\\/\",\"url\":\"https:\\\/\\\/www.beurle.eu\\\/en\\\/data-protection-statement\\\/\",\"name\":\"Data protection statement - BEURLE Rechtsanw\u00e4lte, Linz\",\"isPartOf\":{\"@id\":\"https:\\\/\\\/www.beurle.eu\\\/en\\\/#website\"},\"datePublished\":\"2020-04-10T11:14:24+00:00\",\"dateModified\":\"2024-12-12T09:31:06+00:00\",\"breadcrumb\":{\"@id\":\"https:\\\/\\\/www.beurle.eu\\\/en\\\/data-protection-statement\\\/#breadcrumb\"},\"inLanguage\":\"en-US\",\"potentialAction\":[{\"@type\":\"ReadAction\",\"target\":[\"https:\\\/\\\/www.beurle.eu\\\/en\\\/data-protection-statement\\\/\"]}]},{\"@type\":\"BreadcrumbList\",\"@id\":\"https:\\\/\\\/www.beurle.eu\\\/en\\\/data-protection-statement\\\/#breadcrumb\",\"itemListElement\":[{\"@type\":\"ListItem\",\"position\":1,\"name\":\"Startseite\",\"item\":\"https:\\\/\\\/www.beurle.eu\\\/en\\\/\"},{\"@type\":\"ListItem\",\"position\":2,\"name\":\"Data protection statement\"}]},{\"@type\":\"WebSite\",\"@id\":\"https:\\\/\\\/www.beurle.eu\\\/en\\\/#website\",\"url\":\"https:\\\/\\\/www.beurle.eu\\\/en\\\/\",\"name\":\"BEURLE Rechtsanw\u00e4lte, Linz\",\"description\":\"BEURLE Rechtsanw\u00e4lte beraten in- und ausl\u00e4ndische Unternehmen aus dem privaten und \u00f6ffentlichen Sektor in allen rechtlichen Belangen.\",\"potentialAction\":[{\"@type\":\"SearchAction\",\"target\":{\"@type\":\"EntryPoint\",\"urlTemplate\":\"https:\\\/\\\/www.beurle.eu\\\/en\\\/?s={search_term_string}\"},\"query-input\":{\"@type\":\"PropertyValueSpecification\",\"valueRequired\":true,\"valueName\":\"search_term_string\"}}],\"inLanguage\":\"en-US\"}]}<\/script>\n<!-- \/ Yoast SEO plugin. -->","yoast_head_json":{"title":"Data protection statement - BEURLE Rechtsanw\u00e4lte, Linz","robots":{"index":"index","follow":"follow","max-snippet":"max-snippet:-1","max-image-preview":"max-image-preview:large","max-video-preview":"max-video-preview:-1"},"canonical":"https:\/\/www.beurle.eu\/en\/data-protection-statement\/","og_locale":"en_US","og_type":"article","og_title":"Data protection statement - BEURLE Rechtsanw\u00e4lte, Linz","og_description":"[vc_row][vc_column][vc_column_text css=&#8221;&#8221;]This website is operated by BEURLE Rechtsanw\u00e4lte GmbH &amp; Co KG, Landstra\u00dfe 9, 4020 Linz (hereinafter referred to as &#8220;we&#8221; or &#8220;us&#8221;). This note describes how we, being responsible for data protection, process your personal data in connection with this website. &nbsp; 1. Which data do we process about you In the course of&hellip;","og_url":"https:\/\/www.beurle.eu\/en\/data-protection-statement\/","og_site_name":"BEURLE Rechtsanw\u00e4lte, Linz","article_modified_time":"2024-12-12T09:31:06+00:00","twitter_card":"summary_large_image","twitter_misc":{"Est. reading time":"5 minutes"},"schema":{"@context":"https:\/\/schema.org","@graph":[{"@type":"WebPage","@id":"https:\/\/www.beurle.eu\/en\/data-protection-statement\/","url":"https:\/\/www.beurle.eu\/en\/data-protection-statement\/","name":"Data protection statement - BEURLE Rechtsanw\u00e4lte, Linz","isPartOf":{"@id":"https:\/\/www.beurle.eu\/en\/#website"},"datePublished":"2020-04-10T11:14:24+00:00","dateModified":"2024-12-12T09:31:06+00:00","breadcrumb":{"@id":"https:\/\/www.beurle.eu\/en\/data-protection-statement\/#breadcrumb"},"inLanguage":"en-US","potentialAction":[{"@type":"ReadAction","target":["https:\/\/www.beurle.eu\/en\/data-protection-statement\/"]}]},{"@type":"BreadcrumbList","@id":"https:\/\/www.beurle.eu\/en\/data-protection-statement\/#breadcrumb","itemListElement":[{"@type":"ListItem","position":1,"name":"Startseite","item":"https:\/\/www.beurle.eu\/en\/"},{"@type":"ListItem","position":2,"name":"Data protection statement"}]},{"@type":"WebSite","@id":"https:\/\/www.beurle.eu\/en\/#website","url":"https:\/\/www.beurle.eu\/en\/","name":"BEURLE Rechtsanw\u00e4lte, Linz","description":"BEURLE Rechtsanw\u00e4lte beraten in- und ausl\u00e4ndische Unternehmen aus dem privaten und \u00f6ffentlichen Sektor in allen rechtlichen Belangen.","potentialAction":[{"@type":"SearchAction","target":{"@type":"EntryPoint","urlTemplate":"https:\/\/www.beurle.eu\/en\/?s={search_term_string}"},"query-input":{"@type":"PropertyValueSpecification","valueRequired":true,"valueName":"search_term_string"}}],"inLanguage":"en-US"}]}},"_links":{"self":[{"href":"https:\/\/www.beurle.eu\/en\/wp-json\/wp\/v2\/pages\/2772","targetHints":{"allow":["GET"]}}],"collection":[{"href":"https:\/\/www.beurle.eu\/en\/wp-json\/wp\/v2\/pages"}],"about":[{"href":"https:\/\/www.beurle.eu\/en\/wp-json\/wp\/v2\/types\/page"}],"author":[{"embeddable":true,"href":"https:\/\/www.beurle.eu\/en\/wp-json\/wp\/v2\/users\/2"}],"replies":[{"embeddable":true,"href":"https:\/\/www.beurle.eu\/en\/wp-json\/wp\/v2\/comments?post=2772"}],"version-history":[{"count":1,"href":"https:\/\/www.beurle.eu\/en\/wp-json\/wp\/v2\/pages\/2772\/revisions"}],"predecessor-version":[{"id":5594,"href":"https:\/\/www.beurle.eu\/en\/wp-json\/wp\/v2\/pages\/2772\/revisions\/5594"}],"wp:attachment":[{"href":"https:\/\/www.beurle.eu\/en\/wp-json\/wp\/v2\/media?parent=2772"}],"curies":[{"name":"wp","href":"https:\/\/api.w.org\/{rel}","templated":true}]}}