{"id":2718,"date":"2020-04-08T13:27:53","date_gmt":"2020-04-08T11:27:53","guid":{"rendered":"https:\/\/www.beurle.eu\/imprint\/"},"modified":"2024-07-29T08:31:29","modified_gmt":"2024-07-29T06:31:29","slug":"imprint","status":"publish","type":"page","link":"https:\/\/www.beurle.eu\/en\/imprint\/","title":{"rendered":"Imprint"},"content":{"rendered":"<div class=\"wpb-content-wrapper\"><p>[vc_row type=&#8221;in_container&#8221; full_screen_row_position=&#8221;middle&#8221; column_margin=&#8221;default&#8221; scene_position=&#8221;center&#8221; text_color=&#8221;dark&#8221; text_align=&#8221;left&#8221; overlay_strength=&#8221;0.3&#8243; shape_divider_position=&#8221;bottom&#8221; bg_image_animation=&#8221;none&#8221;][vc_column column_padding=&#8221;no-extra-padding&#8221; column_padding_position=&#8221;all&#8221; background_color_opacity=&#8221;1&#8243; background_hover_color_opacity=&#8221;1&#8243; column_link_target=&#8221;_self&#8221; column_shadow=&#8221;none&#8221; column_border_radius=&#8221;none&#8221; tablet_width_inherit=&#8221;default&#8221; tablet_text_alignment=&#8221;default&#8221; phone_text_alignment=&#8221;default&#8221; overlay_strength=&#8221;0.3&#8243; column_border_width=&#8221;none&#8221; column_border_style=&#8221;solid&#8221; bg_image_animation=&#8221;none&#8221;][vc_column_text css=&#8221;&#8221;]<strong>Media owner:<\/strong><br \/>\nBEURLE Rechtsanw\u00e4lte GmbH &amp; Co KG<\/p>\n<p><strong>Corporate purpose:<\/strong><br \/>\nLawyers<\/p>\n<p><strong>Seat and postal address:<\/strong><br \/>\n4020 Linz, Landstra\u00dfe 9<\/p>\n<p><strong>Company registration number:<\/strong><br \/>\nFN 532839m<br \/>\nLG Linz<\/p>\n<p><strong>UID number:<\/strong><br \/>\nATU75509326<\/p>\n<p>Phone:<a href=\"tel:+437327716530\"> +43 732 771653-0<\/a><br \/>\nE-mail: <a href=\"mailto:office@beurle.eu\">office@beurle.eu<\/a><\/p>\n<p><strong>Professional regulations:<\/strong><br \/>\nThe regulations for lawyers admitted to the bar in Austria apply.<br \/>\nRegistration of all lawyers in the list of the<a href=\"http:\/\/www.ooerak.at\/\"> Chamber of Lawyers for Upper Austria<\/a><\/p>\n<p><a href=\"https:\/\/www.beurle.eu\/gtc\">General Terms and Conditions <\/a><\/p>\n<p><a href=\"https:\/\/www.beurle.eu\/wp-content\/uploads\/Datenschutzmitteilung__-en.pdf\">Data protection notice<\/a><\/p>\n<p><strong>Personally liable partner:<br \/>\n<\/strong>BEURLE Rechtsanwalts-Beteiligungs GmbH<br \/>\nLandstra\u00dfe 9<br \/>\n4020 Linz<br \/>\nFN 525353d, LG Linz[\/vc_column_text][vc_separator color=&#8221;black&#8221; align=&#8221;align_left&#8221; el_width=&#8221;50&#8243;][vc_column_text]<strong>Conceptual Design, webdesign, WordPress implementation<\/strong><\/p>\n<p><a href=\"https:\/\/www.upart.at\" target=\"_blank\" rel=\"noopener noreferrer\">upart Werbung und Kommunikation GmbH, Linz<\/a>[\/vc_column_text][\/vc_column][\/vc_row]<\/p>\n<\/div>","protected":false},"excerpt":{"rendered":"<p>[vc_row type=&#8221;in_container&#8221; full_screen_row_position=&#8221;middle&#8221; column_margin=&#8221;default&#8221; scene_position=&#8221;center&#8221; text_color=&#8221;dark&#8221; text_align=&#8221;left&#8221; overlay_strength=&#8221;0.3&#8243; shape_divider_position=&#8221;bottom&#8221; bg_image_animation=&#8221;none&#8221;][vc_column column_padding=&#8221;no-extra-padding&#8221; column_padding_position=&#8221;all&#8221; background_color_opacity=&#8221;1&#8243; background_hover_color_opacity=&#8221;1&#8243; column_link_target=&#8221;_self&#8221; column_shadow=&#8221;none&#8221; column_border_radius=&#8221;none&#8221; tablet_width_inherit=&#8221;default&#8221; tablet_text_alignment=&#8221;default&#8221; phone_text_alignment=&#8221;default&#8221; overlay_strength=&#8221;0.3&#8243; column_border_width=&#8221;none&#8221; column_border_style=&#8221;solid&#8221; bg_image_animation=&#8221;none&#8221;][vc_column_text css=&#8221;&#8221;]Media owner: BEURLE Rechtsanw\u00e4lte GmbH &amp; Co KG Corporate purpose: Lawyers Seat and postal address: 4020 Linz, Landstra\u00dfe 9 Company registration number: FN 532839m LG Linz UID number: ATU75509326 Phone: +43&hellip;<\/p>\n","protected":false},"author":2,"featured_media":0,"parent":0,"menu_order":995,"comment_status":"closed","ping_status":"closed","template":"","meta":{"_acf_changed":false,"inline_featured_image":false,"footnotes":""},"class_list":["post-2718","page","type-page","status-publish","hentry","description-off"],"acf":[],"yoast_head":"<!-- This site is optimized with the Yoast SEO plugin v27.4 - https:\/\/yoast.com\/product\/yoast-seo-wordpress\/ -->\n<title>Imprint - BEURLE Rechtsanw\u00e4lte, Linz<\/title>\n<meta name=\"robots\" content=\"index, follow, max-snippet:-1, max-image-preview:large, max-video-preview:-1\" \/>\n<link rel=\"canonical\" href=\"https:\/\/www.beurle.eu\/en\/imprint\/\" \/>\n<meta property=\"og:locale\" content=\"en_US\" \/>\n<meta property=\"og:type\" content=\"article\" \/>\n<meta property=\"og:title\" content=\"Imprint - BEURLE Rechtsanw\u00e4lte, Linz\" \/>\n<meta property=\"og:description\" content=\"[vc_row type=&#8221;in_container&#8221; full_screen_row_position=&#8221;middle&#8221; column_margin=&#8221;default&#8221; scene_position=&#8221;center&#8221; text_color=&#8221;dark&#8221; text_align=&#8221;left&#8221; overlay_strength=&#8221;0.3&#8243; shape_divider_position=&#8221;bottom&#8221; bg_image_animation=&#8221;none&#8221;][vc_column column_padding=&#8221;no-extra-padding&#8221; column_padding_position=&#8221;all&#8221; background_color_opacity=&#8221;1&#8243; background_hover_color_opacity=&#8221;1&#8243; column_link_target=&#8221;_self&#8221; column_shadow=&#8221;none&#8221; column_border_radius=&#8221;none&#8221; tablet_width_inherit=&#8221;default&#8221; tablet_text_alignment=&#8221;default&#8221; phone_text_alignment=&#8221;default&#8221; overlay_strength=&#8221;0.3&#8243; column_border_width=&#8221;none&#8221; column_border_style=&#8221;solid&#8221; bg_image_animation=&#8221;none&#8221;][vc_column_text css=&#8221;&#8221;]Media owner: BEURLE Rechtsanw\u00e4lte GmbH &amp; Co KG Corporate purpose: Lawyers Seat and postal address: 4020 Linz, Landstra\u00dfe 9 Company registration number: FN 532839m LG Linz UID number: ATU75509326 Phone: +43&hellip;\" \/>\n<meta property=\"og:url\" content=\"https:\/\/www.beurle.eu\/en\/imprint\/\" \/>\n<meta property=\"og:site_name\" content=\"BEURLE Rechtsanw\u00e4lte, Linz\" \/>\n<meta property=\"article:modified_time\" content=\"2024-07-29T06:31:29+00:00\" \/>\n<meta name=\"twitter:card\" content=\"summary_large_image\" \/>\n<meta name=\"twitter:label1\" content=\"Est. reading time\" \/>\n\t<meta name=\"twitter:data1\" content=\"1 minute\" \/>\n<script type=\"application\/ld+json\" class=\"yoast-schema-graph\">{\"@context\":\"https:\\\/\\\/schema.org\",\"@graph\":[{\"@type\":\"WebPage\",\"@id\":\"https:\\\/\\\/www.beurle.eu\\\/en\\\/imprint\\\/\",\"url\":\"https:\\\/\\\/www.beurle.eu\\\/en\\\/imprint\\\/\",\"name\":\"Imprint - BEURLE Rechtsanw\u00e4lte, Linz\",\"isPartOf\":{\"@id\":\"https:\\\/\\\/www.beurle.eu\\\/en\\\/#website\"},\"datePublished\":\"2020-04-08T11:27:53+00:00\",\"dateModified\":\"2024-07-29T06:31:29+00:00\",\"breadcrumb\":{\"@id\":\"https:\\\/\\\/www.beurle.eu\\\/en\\\/imprint\\\/#breadcrumb\"},\"inLanguage\":\"en-US\",\"potentialAction\":[{\"@type\":\"ReadAction\",\"target\":[\"https:\\\/\\\/www.beurle.eu\\\/en\\\/imprint\\\/\"]}]},{\"@type\":\"BreadcrumbList\",\"@id\":\"https:\\\/\\\/www.beurle.eu\\\/en\\\/imprint\\\/#breadcrumb\",\"itemListElement\":[{\"@type\":\"ListItem\",\"position\":1,\"name\":\"Startseite\",\"item\":\"https:\\\/\\\/www.beurle.eu\\\/en\\\/\"},{\"@type\":\"ListItem\",\"position\":2,\"name\":\"Imprint\"}]},{\"@type\":\"WebSite\",\"@id\":\"https:\\\/\\\/www.beurle.eu\\\/en\\\/#website\",\"url\":\"https:\\\/\\\/www.beurle.eu\\\/en\\\/\",\"name\":\"BEURLE Rechtsanw\u00e4lte, Linz\",\"description\":\"BEURLE Rechtsanw\u00e4lte beraten in- und ausl\u00e4ndische Unternehmen aus dem privaten und \u00f6ffentlichen Sektor in allen rechtlichen Belangen.\",\"potentialAction\":[{\"@type\":\"SearchAction\",\"target\":{\"@type\":\"EntryPoint\",\"urlTemplate\":\"https:\\\/\\\/www.beurle.eu\\\/en\\\/?s={search_term_string}\"},\"query-input\":{\"@type\":\"PropertyValueSpecification\",\"valueRequired\":true,\"valueName\":\"search_term_string\"}}],\"inLanguage\":\"en-US\"}]}<\/script>\n<!-- \/ Yoast SEO plugin. -->","yoast_head_json":{"title":"Imprint - BEURLE Rechtsanw\u00e4lte, Linz","robots":{"index":"index","follow":"follow","max-snippet":"max-snippet:-1","max-image-preview":"max-image-preview:large","max-video-preview":"max-video-preview:-1"},"canonical":"https:\/\/www.beurle.eu\/en\/imprint\/","og_locale":"en_US","og_type":"article","og_title":"Imprint - BEURLE Rechtsanw\u00e4lte, Linz","og_description":"[vc_row type=&#8221;in_container&#8221; full_screen_row_position=&#8221;middle&#8221; column_margin=&#8221;default&#8221; scene_position=&#8221;center&#8221; text_color=&#8221;dark&#8221; text_align=&#8221;left&#8221; overlay_strength=&#8221;0.3&#8243; shape_divider_position=&#8221;bottom&#8221; bg_image_animation=&#8221;none&#8221;][vc_column column_padding=&#8221;no-extra-padding&#8221; column_padding_position=&#8221;all&#8221; background_color_opacity=&#8221;1&#8243; background_hover_color_opacity=&#8221;1&#8243; column_link_target=&#8221;_self&#8221; column_shadow=&#8221;none&#8221; column_border_radius=&#8221;none&#8221; tablet_width_inherit=&#8221;default&#8221; tablet_text_alignment=&#8221;default&#8221; phone_text_alignment=&#8221;default&#8221; overlay_strength=&#8221;0.3&#8243; column_border_width=&#8221;none&#8221; column_border_style=&#8221;solid&#8221; bg_image_animation=&#8221;none&#8221;][vc_column_text css=&#8221;&#8221;]Media owner: BEURLE Rechtsanw\u00e4lte GmbH &amp; Co KG Corporate purpose: Lawyers Seat and postal address: 4020 Linz, Landstra\u00dfe 9 Company registration number: FN 532839m LG Linz UID number: ATU75509326 Phone: +43&hellip;","og_url":"https:\/\/www.beurle.eu\/en\/imprint\/","og_site_name":"BEURLE Rechtsanw\u00e4lte, Linz","article_modified_time":"2024-07-29T06:31:29+00:00","twitter_card":"summary_large_image","twitter_misc":{"Est. reading time":"1 minute"},"schema":{"@context":"https:\/\/schema.org","@graph":[{"@type":"WebPage","@id":"https:\/\/www.beurle.eu\/en\/imprint\/","url":"https:\/\/www.beurle.eu\/en\/imprint\/","name":"Imprint - BEURLE Rechtsanw\u00e4lte, Linz","isPartOf":{"@id":"https:\/\/www.beurle.eu\/en\/#website"},"datePublished":"2020-04-08T11:27:53+00:00","dateModified":"2024-07-29T06:31:29+00:00","breadcrumb":{"@id":"https:\/\/www.beurle.eu\/en\/imprint\/#breadcrumb"},"inLanguage":"en-US","potentialAction":[{"@type":"ReadAction","target":["https:\/\/www.beurle.eu\/en\/imprint\/"]}]},{"@type":"BreadcrumbList","@id":"https:\/\/www.beurle.eu\/en\/imprint\/#breadcrumb","itemListElement":[{"@type":"ListItem","position":1,"name":"Startseite","item":"https:\/\/www.beurle.eu\/en\/"},{"@type":"ListItem","position":2,"name":"Imprint"}]},{"@type":"WebSite","@id":"https:\/\/www.beurle.eu\/en\/#website","url":"https:\/\/www.beurle.eu\/en\/","name":"BEURLE Rechtsanw\u00e4lte, Linz","description":"BEURLE Rechtsanw\u00e4lte beraten in- und ausl\u00e4ndische Unternehmen aus dem privaten und \u00f6ffentlichen Sektor in allen rechtlichen Belangen.","potentialAction":[{"@type":"SearchAction","target":{"@type":"EntryPoint","urlTemplate":"https:\/\/www.beurle.eu\/en\/?s={search_term_string}"},"query-input":{"@type":"PropertyValueSpecification","valueRequired":true,"valueName":"search_term_string"}}],"inLanguage":"en-US"}]}},"_links":{"self":[{"href":"https:\/\/www.beurle.eu\/en\/wp-json\/wp\/v2\/pages\/2718","targetHints":{"allow":["GET"]}}],"collection":[{"href":"https:\/\/www.beurle.eu\/en\/wp-json\/wp\/v2\/pages"}],"about":[{"href":"https:\/\/www.beurle.eu\/en\/wp-json\/wp\/v2\/types\/page"}],"author":[{"embeddable":true,"href":"https:\/\/www.beurle.eu\/en\/wp-json\/wp\/v2\/users\/2"}],"replies":[{"embeddable":true,"href":"https:\/\/www.beurle.eu\/en\/wp-json\/wp\/v2\/comments?post=2718"}],"version-history":[{"count":5,"href":"https:\/\/www.beurle.eu\/en\/wp-json\/wp\/v2\/pages\/2718\/revisions"}],"predecessor-version":[{"id":5541,"href":"https:\/\/www.beurle.eu\/en\/wp-json\/wp\/v2\/pages\/2718\/revisions\/5541"}],"wp:attachment":[{"href":"https:\/\/www.beurle.eu\/en\/wp-json\/wp\/v2\/media?parent=2718"}],"curies":[{"name":"wp","href":"https:\/\/api.w.org\/{rel}","templated":true}]}}