{"id":2716,"date":"2020-04-08T13:09:46","date_gmt":"2020-04-08T11:09:46","guid":{"rendered":"https:\/\/www.beurle.eu\/training-to-become-an-attorney\/"},"modified":"2023-04-27T10:04:02","modified_gmt":"2023-04-27T08:04:02","slug":"training-to-become-an-attorney","status":"publish","type":"page","link":"https:\/\/www.beurle.eu\/en\/careers\/training-to-become-an-attorney\/","title":{"rendered":"Training to become an attorney"},"content":{"rendered":"<div class=\"wpb-content-wrapper\"><p>[vc_row css=&#8221;.vc_custom_1579130405804{margin-bottom: 100px !important;}&#8221;][vc_column][vc_custom_heading text=&#8221;Training to become an attorney&#8221; font_container=&#8221;tag:h1|text_align:center&#8221; use_theme_fonts=&#8221;yes&#8221;][\/vc_column][\/vc_row][vc_row][vc_column css=&#8221;.vc_custom_1596012655824{margin-bottom: 40px !important;}&#8221;][vc_single_image image=&#8221;3265&#8243; img_size=&#8221;full&#8221; alignment=&#8221;center&#8221;][\/vc_column][\/vc_row][vc_row][vc_column][vc_column_text]We offer our associates the opportunity to undergo comprehensive \u201cbasic training\u201d in the key areas that typify a corporate law firm. To this end, our associates initially work for all our attorneys<a href=\"\/en\/areas-of-expertise\/comprehensive-advice\/\"> in a broad range of legal areas of business law<\/a> to obtain the necessary \u201cbasic training\u201d (also for the bar exam) that every attorney should have, as well as to become familiar with the different approaches and working styles of each of our attorneys. Our associates work on their cases highly independently right from the start and are allowed and encouraged to take on responsibility and have client contact. Regularly scheduled meetings foster our in-house communication and cooperation.<\/p>\n<p>Each associate is assigned to a partner who serves as his or her <strong>manager<\/strong>. This ensures the involvement and ongoing development of the associates. The seminars required for training and work, which are financed by the law firm, are also mutually agreed on and coordinated.<\/p>\n<p>At the beginning of his or her employment, each associate is also assigned a <strong>sponsor<\/strong>, who is responsible to ensure swift and seamless onboarding and straightforward support in organizational and interpersonal matters. Sponsors are associates who have already been working for the firm for a longer period of time and are thus well placed to pass on their experience, working methods, tips and short-cuts.<\/p>\n<p>After a period of about one to two years, our associates are then assigned to a team \u2013 in line with their qualifications \u2013 comprising one or more <a href=\"\/en\/team\/attorneys-at-law\/\">attorneys<\/a> and <a href=\"\/en\/team\/associates\/\">associates<\/a>. The associate\u2019s preferred focus of professional activity is also taken into account to the best possible extent. In this way, our associates are given the opportunity to specialize in certain areas of law in order to maintain the high level of consulting services customary to our firm.<\/p>\n<p>Additional special leave is granted by the firm as study leave to prepare for the bar exam.<\/p>\n<p>Once the bar exam is completed, <a href=\"\/en\/careers\/working-at-beurle\/\">future career opportunities<\/a> in our law firm are explored together. That is why we find it imperative that, in addition to the required basic training, our associates also receive specialized training in order to be able to succeed as attorneys later in their career.[\/vc_column_text][\/vc_column][\/vc_row]<\/p>\n<\/div>","protected":false},"excerpt":{"rendered":"<p>[vc_row css=&#8221;.vc_custom_1579130405804{margin-bottom: 100px !important;}&#8221;][vc_column][vc_custom_heading text=&#8221;Training to become an attorney&#8221; font_container=&#8221;tag:h1|text_align:center&#8221; use_theme_fonts=&#8221;yes&#8221;][\/vc_column][\/vc_row][vc_row][vc_column css=&#8221;.vc_custom_1596012655824{margin-bottom: 40px !important;}&#8221;][vc_single_image image=&#8221;3265&#8243; img_size=&#8221;full&#8221; alignment=&#8221;center&#8221;][\/vc_column][\/vc_row][vc_row][vc_column][vc_column_text]We offer our associates the opportunity to undergo comprehensive \u201cbasic training\u201d in the key areas that typify a corporate law firm. To this end, our associates initially work for all our attorneys in a broad range of legal areas&hellip;<\/p>\n","protected":false},"author":4,"featured_media":0,"parent":2770,"menu_order":10,"comment_status":"closed","ping_status":"closed","template":"","meta":{"_acf_changed":false,"inline_featured_image":false,"footnotes":""},"class_list":["post-2716","page","type-page","status-publish","hentry","description-off"],"acf":[],"yoast_head":"<!-- This site is optimized with the Yoast SEO plugin v27.4 - https:\/\/yoast.com\/product\/yoast-seo-wordpress\/ -->\n<title>Training to become an attorney - BEURLE Rechtsanw\u00e4lte, Linz<\/title>\n<meta name=\"robots\" content=\"index, follow, max-snippet:-1, max-image-preview:large, max-video-preview:-1\" \/>\n<link rel=\"canonical\" href=\"https:\/\/www.beurle.eu\/en\/careers\/training-to-become-an-attorney\/\" \/>\n<meta property=\"og:locale\" content=\"en_US\" \/>\n<meta property=\"og:type\" content=\"article\" \/>\n<meta property=\"og:title\" content=\"Training to become an attorney - BEURLE Rechtsanw\u00e4lte, Linz\" \/>\n<meta property=\"og:description\" content=\"[vc_row css=&#8221;.vc_custom_1579130405804{margin-bottom: 100px !important;}&#8221;][vc_column][vc_custom_heading text=&#8221;Training to become an attorney&#8221; font_container=&#8221;tag:h1|text_align:center&#8221; use_theme_fonts=&#8221;yes&#8221;][\/vc_column][\/vc_row][vc_row][vc_column css=&#8221;.vc_custom_1596012655824{margin-bottom: 40px !important;}&#8221;][vc_single_image image=&#8221;3265&#8243; img_size=&#8221;full&#8221; alignment=&#8221;center&#8221;][\/vc_column][\/vc_row][vc_row][vc_column][vc_column_text]We offer our associates the opportunity to undergo comprehensive \u201cbasic training\u201d in the key areas that typify a corporate law firm. To this end, our associates initially work for all our attorneys in a broad range of legal areas&hellip;\" \/>\n<meta property=\"og:url\" content=\"https:\/\/www.beurle.eu\/en\/careers\/training-to-become-an-attorney\/\" \/>\n<meta property=\"og:site_name\" content=\"BEURLE Rechtsanw\u00e4lte, Linz\" \/>\n<meta property=\"article:modified_time\" content=\"2023-04-27T08:04:02+00:00\" \/>\n<meta name=\"twitter:card\" content=\"summary_large_image\" \/>\n<meta name=\"twitter:label1\" content=\"Est. reading time\" \/>\n\t<meta name=\"twitter:data1\" content=\"2 minutes\" \/>\n<script type=\"application\/ld+json\" class=\"yoast-schema-graph\">{\"@context\":\"https:\\\/\\\/schema.org\",\"@graph\":[{\"@type\":\"WebPage\",\"@id\":\"https:\\\/\\\/www.beurle.eu\\\/en\\\/careers\\\/training-to-become-an-attorney\\\/\",\"url\":\"https:\\\/\\\/www.beurle.eu\\\/en\\\/careers\\\/training-to-become-an-attorney\\\/\",\"name\":\"Training to become an attorney - BEURLE Rechtsanw\u00e4lte, Linz\",\"isPartOf\":{\"@id\":\"https:\\\/\\\/www.beurle.eu\\\/en\\\/#website\"},\"datePublished\":\"2020-04-08T11:09:46+00:00\",\"dateModified\":\"2023-04-27T08:04:02+00:00\",\"breadcrumb\":{\"@id\":\"https:\\\/\\\/www.beurle.eu\\\/en\\\/careers\\\/training-to-become-an-attorney\\\/#breadcrumb\"},\"inLanguage\":\"en-US\",\"potentialAction\":[{\"@type\":\"ReadAction\",\"target\":[\"https:\\\/\\\/www.beurle.eu\\\/en\\\/careers\\\/training-to-become-an-attorney\\\/\"]}]},{\"@type\":\"BreadcrumbList\",\"@id\":\"https:\\\/\\\/www.beurle.eu\\\/en\\\/careers\\\/training-to-become-an-attorney\\\/#breadcrumb\",\"itemListElement\":[{\"@type\":\"ListItem\",\"position\":1,\"name\":\"Startseite\",\"item\":\"https:\\\/\\\/www.beurle.eu\\\/en\\\/\"},{\"@type\":\"ListItem\",\"position\":2,\"name\":\"Careers\",\"item\":\"https:\\\/\\\/www.beurle.eu\\\/en\\\/careers\\\/\"},{\"@type\":\"ListItem\",\"position\":3,\"name\":\"Training to become an attorney\"}]},{\"@type\":\"WebSite\",\"@id\":\"https:\\\/\\\/www.beurle.eu\\\/en\\\/#website\",\"url\":\"https:\\\/\\\/www.beurle.eu\\\/en\\\/\",\"name\":\"BEURLE Rechtsanw\u00e4lte, Linz\",\"description\":\"BEURLE Rechtsanw\u00e4lte beraten in- und ausl\u00e4ndische Unternehmen aus dem privaten und \u00f6ffentlichen Sektor in allen rechtlichen Belangen.\",\"potentialAction\":[{\"@type\":\"SearchAction\",\"target\":{\"@type\":\"EntryPoint\",\"urlTemplate\":\"https:\\\/\\\/www.beurle.eu\\\/en\\\/?s={search_term_string}\"},\"query-input\":{\"@type\":\"PropertyValueSpecification\",\"valueRequired\":true,\"valueName\":\"search_term_string\"}}],\"inLanguage\":\"en-US\"}]}<\/script>\n<!-- \/ Yoast SEO plugin. -->","yoast_head_json":{"title":"Training to become an attorney - BEURLE Rechtsanw\u00e4lte, Linz","robots":{"index":"index","follow":"follow","max-snippet":"max-snippet:-1","max-image-preview":"max-image-preview:large","max-video-preview":"max-video-preview:-1"},"canonical":"https:\/\/www.beurle.eu\/en\/careers\/training-to-become-an-attorney\/","og_locale":"en_US","og_type":"article","og_title":"Training to become an attorney - BEURLE Rechtsanw\u00e4lte, Linz","og_description":"[vc_row css=&#8221;.vc_custom_1579130405804{margin-bottom: 100px !important;}&#8221;][vc_column][vc_custom_heading text=&#8221;Training to become an attorney&#8221; font_container=&#8221;tag:h1|text_align:center&#8221; use_theme_fonts=&#8221;yes&#8221;][\/vc_column][\/vc_row][vc_row][vc_column css=&#8221;.vc_custom_1596012655824{margin-bottom: 40px !important;}&#8221;][vc_single_image image=&#8221;3265&#8243; img_size=&#8221;full&#8221; alignment=&#8221;center&#8221;][\/vc_column][\/vc_row][vc_row][vc_column][vc_column_text]We offer our associates the opportunity to undergo comprehensive \u201cbasic training\u201d in the key areas that typify a corporate law firm. To this end, our associates initially work for all our attorneys in a broad range of legal areas&hellip;","og_url":"https:\/\/www.beurle.eu\/en\/careers\/training-to-become-an-attorney\/","og_site_name":"BEURLE Rechtsanw\u00e4lte, Linz","article_modified_time":"2023-04-27T08:04:02+00:00","twitter_card":"summary_large_image","twitter_misc":{"Est. reading time":"2 minutes"},"schema":{"@context":"https:\/\/schema.org","@graph":[{"@type":"WebPage","@id":"https:\/\/www.beurle.eu\/en\/careers\/training-to-become-an-attorney\/","url":"https:\/\/www.beurle.eu\/en\/careers\/training-to-become-an-attorney\/","name":"Training to become an attorney - BEURLE Rechtsanw\u00e4lte, Linz","isPartOf":{"@id":"https:\/\/www.beurle.eu\/en\/#website"},"datePublished":"2020-04-08T11:09:46+00:00","dateModified":"2023-04-27T08:04:02+00:00","breadcrumb":{"@id":"https:\/\/www.beurle.eu\/en\/careers\/training-to-become-an-attorney\/#breadcrumb"},"inLanguage":"en-US","potentialAction":[{"@type":"ReadAction","target":["https:\/\/www.beurle.eu\/en\/careers\/training-to-become-an-attorney\/"]}]},{"@type":"BreadcrumbList","@id":"https:\/\/www.beurle.eu\/en\/careers\/training-to-become-an-attorney\/#breadcrumb","itemListElement":[{"@type":"ListItem","position":1,"name":"Startseite","item":"https:\/\/www.beurle.eu\/en\/"},{"@type":"ListItem","position":2,"name":"Careers","item":"https:\/\/www.beurle.eu\/en\/careers\/"},{"@type":"ListItem","position":3,"name":"Training to become an attorney"}]},{"@type":"WebSite","@id":"https:\/\/www.beurle.eu\/en\/#website","url":"https:\/\/www.beurle.eu\/en\/","name":"BEURLE Rechtsanw\u00e4lte, Linz","description":"BEURLE Rechtsanw\u00e4lte beraten in- und ausl\u00e4ndische Unternehmen aus dem privaten und \u00f6ffentlichen Sektor in allen rechtlichen Belangen.","potentialAction":[{"@type":"SearchAction","target":{"@type":"EntryPoint","urlTemplate":"https:\/\/www.beurle.eu\/en\/?s={search_term_string}"},"query-input":{"@type":"PropertyValueSpecification","valueRequired":true,"valueName":"search_term_string"}}],"inLanguage":"en-US"}]}},"_links":{"self":[{"href":"https:\/\/www.beurle.eu\/en\/wp-json\/wp\/v2\/pages\/2716","targetHints":{"allow":["GET"]}}],"collection":[{"href":"https:\/\/www.beurle.eu\/en\/wp-json\/wp\/v2\/pages"}],"about":[{"href":"https:\/\/www.beurle.eu\/en\/wp-json\/wp\/v2\/types\/page"}],"author":[{"embeddable":true,"href":"https:\/\/www.beurle.eu\/en\/wp-json\/wp\/v2\/users\/4"}],"replies":[{"embeddable":true,"href":"https:\/\/www.beurle.eu\/en\/wp-json\/wp\/v2\/comments?post=2716"}],"version-history":[{"count":0,"href":"https:\/\/www.beurle.eu\/en\/wp-json\/wp\/v2\/pages\/2716\/revisions"}],"up":[{"embeddable":true,"href":"https:\/\/www.beurle.eu\/en\/wp-json\/wp\/v2\/pages\/2770"}],"wp:attachment":[{"href":"https:\/\/www.beurle.eu\/en\/wp-json\/wp\/v2\/media?parent=2716"}],"curies":[{"name":"wp","href":"https:\/\/api.w.org\/{rel}","templated":true}]}}