{"id":2708,"date":"2020-04-07T16:07:03","date_gmt":"2020-04-07T14:07:03","guid":{"rendered":"https:\/\/www.beurle.eu\/contact\/"},"modified":"2025-04-29T09:20:59","modified_gmt":"2025-04-29T07:20:59","slug":"contact","status":"publish","type":"page","link":"https:\/\/www.beurle.eu\/en\/contact\/","title":{"rendered":"Contact"},"content":{"rendered":"<div class=\"wpb-content-wrapper\"><p>[vc_row css=&#8221;.vc_custom_1579130405804{margin-bottom: 100px !important;}&#8221;][vc_column][vc_custom_heading text=&#8221;We are looking forward to your request&#8221; font_container=&#8221;tag:h1|text_align:center&#8221; use_theme_fonts=&#8221;yes&#8221;][\/vc_column][\/vc_row][vc_row][vc_column width=&#8221;1\/2&#8243;][vc_column_text]<strong>BEURLE Rechtsanw\u00e4lte GmbH &amp; Co KG<\/strong><br \/>Landstra\u00dfe 9<br \/>4020 Linz<br \/>Phone: <a href=\"tel:00437327716530\">+43 732 7716530<\/a><br \/>E-Mail:\u00a0<a href=\"mailto:office@beurle.eu\"><span id=\"eeb-366321-137040\">office@beurle.eu<\/span><\/a>[\/vc_column_text][\/vc_column][vc_column width=&#8221;1\/2&#8243;][vc_column_text]If you make an appointment at our office in the heart of Linz, we will of course be happy to provide you with exit tickets for the nearby underground car parks Promenade, Nachrichten, Passage, Hauptplatz and Pfarrplatz. In the Promenade underground car park, signposted parking spaces are reserved for you on the top floor, in the niche opposite the Taubenmarkt exit.[\/vc_column_text][\/vc_column][\/vc_row][vc_row full_width=&#8221;stretch_row_content_no_spaces&#8221; type=&#8221;full_width_content&#8221; full_screen_row_position=&#8221;middle&#8221; column_margin=&#8221;default&#8221; scene_position=&#8221;center&#8221; text_color=&#8221;dark&#8221; text_align=&#8221;left&#8221; top_padding=&#8221;0&#8243; bottom_padding=&#8221;0&#8243; overlay_strength=&#8221;0.3&#8243; shape_divider_position=&#8221;bottom&#8221; bg_image_animation=&#8221;none&#8221; shape_type=&#8221;&#8221; el_id=&#8221;map&#8221;][vc_column column_padding=&#8221;no-extra-padding&#8221; column_padding_position=&#8221;all&#8221; background_color_opacity=&#8221;1&#8243; background_hover_color_opacity=&#8221;1&#8243; column_link_target=&#8221;_self&#8221; column_shadow=&#8221;none&#8221; column_border_radius=&#8221;none&#8221; tablet_width_inherit=&#8221;default&#8221; tablet_text_alignment=&#8221;default&#8221; phone_text_alignment=&#8221;default&#8221; overlay_strength=&#8221;0.3&#8243; column_border_width=&#8221;none&#8221; column_border_style=&#8221;solid&#8221; bg_image_animation=&#8221;none&#8221;][vc_raw_html css=&#8221;&#8221;]W3dwZ216YSBpZD0iMSJd[\/vc_raw_html][\/vc_column][\/vc_row][vc_row][vc_column][vc_empty_space][\/vc_column][\/vc_row][vc_row disable_element=&#8221;yes&#8221;][vc_column][vc_column_text]You can find our <strong>Vienna office<\/strong> at Jasomirgottstra\u00dfe 6\/5 in the 1st district.\u00a0 The nearest subway station is U1 Stephansplatz (exit Stephansplatz), the nearest parking garage is the garage &#8220;Am Hof&#8221;. In the courtyard of the house Jasomirgottstra\u00dfe 6 you will find a parking place for bicycles.[\/vc_column_text][\/vc_column][\/vc_row]<\/p>\n<\/div>","protected":false},"excerpt":{"rendered":"<p>[vc_row css=&#8221;.vc_custom_1579130405804{margin-bottom: 100px !important;}&#8221;][vc_column][vc_custom_heading text=&#8221;We are looking forward to your request&#8221; font_container=&#8221;tag:h1|text_align:center&#8221; use_theme_fonts=&#8221;yes&#8221;][\/vc_column][\/vc_row][vc_row][vc_column width=&#8221;1\/2&#8243;][vc_column_text]BEURLE Rechtsanw\u00e4lte GmbH &amp; Co KGLandstra\u00dfe 94020 LinzPhone: +43 732 7716530E-Mail:\u00a0office@beurle.eu[\/vc_column_text][\/vc_column][vc_column width=&#8221;1\/2&#8243;][vc_column_text]If you make an appointment at our office in the heart of Linz, we will of course be happy to provide you with exit tickets for the nearby underground car parks&hellip;<\/p>\n","protected":false},"author":2,"featured_media":0,"parent":0,"menu_order":50,"comment_status":"closed","ping_status":"closed","template":"","meta":{"_acf_changed":false,"inline_featured_image":false,"footnotes":""},"class_list":["post-2708","page","type-page","status-publish","hentry","description-off"],"acf":[],"yoast_head":"<!-- This site is optimized with the Yoast SEO plugin v27.4 - https:\/\/yoast.com\/product\/yoast-seo-wordpress\/ -->\n<title>Contact - BEURLE Rechtsanw\u00e4lte, Linz<\/title>\n<meta name=\"robots\" content=\"index, follow, max-snippet:-1, max-image-preview:large, max-video-preview:-1\" \/>\n<link rel=\"canonical\" href=\"https:\/\/www.beurle.eu\/en\/contact\/\" \/>\n<meta property=\"og:locale\" content=\"en_US\" \/>\n<meta property=\"og:type\" content=\"article\" \/>\n<meta property=\"og:title\" content=\"Contact - BEURLE Rechtsanw\u00e4lte, Linz\" \/>\n<meta property=\"og:description\" content=\"[vc_row css=&#8221;.vc_custom_1579130405804{margin-bottom: 100px !important;}&#8221;][vc_column][vc_custom_heading text=&#8221;We are looking forward to your request&#8221; font_container=&#8221;tag:h1|text_align:center&#8221; use_theme_fonts=&#8221;yes&#8221;][\/vc_column][\/vc_row][vc_row][vc_column width=&#8221;1\/2&#8243;][vc_column_text]BEURLE Rechtsanw\u00e4lte GmbH &amp; Co KGLandstra\u00dfe 94020 LinzPhone: +43 732 7716530E-Mail:\u00a0office@beurle.eu[\/vc_column_text][\/vc_column][vc_column width=&#8221;1\/2&#8243;][vc_column_text]If you make an appointment at our office in the heart of Linz, we will of course be happy to provide you with exit tickets for the nearby underground car parks&hellip;\" \/>\n<meta property=\"og:url\" content=\"https:\/\/www.beurle.eu\/en\/contact\/\" \/>\n<meta property=\"og:site_name\" content=\"BEURLE Rechtsanw\u00e4lte, Linz\" \/>\n<meta property=\"article:modified_time\" content=\"2025-04-29T07:20:59+00:00\" \/>\n<meta name=\"twitter:card\" content=\"summary_large_image\" \/>\n<meta name=\"twitter:label1\" content=\"Est. reading time\" \/>\n\t<meta name=\"twitter:data1\" content=\"1 minute\" \/>\n<script type=\"application\/ld+json\" class=\"yoast-schema-graph\">{\"@context\":\"https:\\\/\\\/schema.org\",\"@graph\":[{\"@type\":\"WebPage\",\"@id\":\"https:\\\/\\\/www.beurle.eu\\\/en\\\/contact\\\/\",\"url\":\"https:\\\/\\\/www.beurle.eu\\\/en\\\/contact\\\/\",\"name\":\"Contact - BEURLE Rechtsanw\u00e4lte, Linz\",\"isPartOf\":{\"@id\":\"https:\\\/\\\/www.beurle.eu\\\/en\\\/#website\"},\"datePublished\":\"2020-04-07T14:07:03+00:00\",\"dateModified\":\"2025-04-29T07:20:59+00:00\",\"breadcrumb\":{\"@id\":\"https:\\\/\\\/www.beurle.eu\\\/en\\\/contact\\\/#breadcrumb\"},\"inLanguage\":\"en-US\",\"potentialAction\":[{\"@type\":\"ReadAction\",\"target\":[\"https:\\\/\\\/www.beurle.eu\\\/en\\\/contact\\\/\"]}]},{\"@type\":\"BreadcrumbList\",\"@id\":\"https:\\\/\\\/www.beurle.eu\\\/en\\\/contact\\\/#breadcrumb\",\"itemListElement\":[{\"@type\":\"ListItem\",\"position\":1,\"name\":\"Startseite\",\"item\":\"https:\\\/\\\/www.beurle.eu\\\/en\\\/\"},{\"@type\":\"ListItem\",\"position\":2,\"name\":\"Contact\"}]},{\"@type\":\"WebSite\",\"@id\":\"https:\\\/\\\/www.beurle.eu\\\/en\\\/#website\",\"url\":\"https:\\\/\\\/www.beurle.eu\\\/en\\\/\",\"name\":\"BEURLE Rechtsanw\u00e4lte, Linz\",\"description\":\"BEURLE Rechtsanw\u00e4lte beraten in- und ausl\u00e4ndische Unternehmen aus dem privaten und \u00f6ffentlichen Sektor in allen rechtlichen Belangen.\",\"potentialAction\":[{\"@type\":\"SearchAction\",\"target\":{\"@type\":\"EntryPoint\",\"urlTemplate\":\"https:\\\/\\\/www.beurle.eu\\\/en\\\/?s={search_term_string}\"},\"query-input\":{\"@type\":\"PropertyValueSpecification\",\"valueRequired\":true,\"valueName\":\"search_term_string\"}}],\"inLanguage\":\"en-US\"}]}<\/script>\n<!-- \/ Yoast SEO plugin. -->","yoast_head_json":{"title":"Contact - BEURLE Rechtsanw\u00e4lte, Linz","robots":{"index":"index","follow":"follow","max-snippet":"max-snippet:-1","max-image-preview":"max-image-preview:large","max-video-preview":"max-video-preview:-1"},"canonical":"https:\/\/www.beurle.eu\/en\/contact\/","og_locale":"en_US","og_type":"article","og_title":"Contact - BEURLE Rechtsanw\u00e4lte, Linz","og_description":"[vc_row css=&#8221;.vc_custom_1579130405804{margin-bottom: 100px !important;}&#8221;][vc_column][vc_custom_heading text=&#8221;We are looking forward to your request&#8221; font_container=&#8221;tag:h1|text_align:center&#8221; use_theme_fonts=&#8221;yes&#8221;][\/vc_column][\/vc_row][vc_row][vc_column width=&#8221;1\/2&#8243;][vc_column_text]BEURLE Rechtsanw\u00e4lte GmbH &amp; Co KGLandstra\u00dfe 94020 LinzPhone: +43 732 7716530E-Mail:\u00a0office@beurle.eu[\/vc_column_text][\/vc_column][vc_column width=&#8221;1\/2&#8243;][vc_column_text]If you make an appointment at our office in the heart of Linz, we will of course be happy to provide you with exit tickets for the nearby underground car parks&hellip;","og_url":"https:\/\/www.beurle.eu\/en\/contact\/","og_site_name":"BEURLE Rechtsanw\u00e4lte, Linz","article_modified_time":"2025-04-29T07:20:59+00:00","twitter_card":"summary_large_image","twitter_misc":{"Est. reading time":"1 minute"},"schema":{"@context":"https:\/\/schema.org","@graph":[{"@type":"WebPage","@id":"https:\/\/www.beurle.eu\/en\/contact\/","url":"https:\/\/www.beurle.eu\/en\/contact\/","name":"Contact - BEURLE Rechtsanw\u00e4lte, Linz","isPartOf":{"@id":"https:\/\/www.beurle.eu\/en\/#website"},"datePublished":"2020-04-07T14:07:03+00:00","dateModified":"2025-04-29T07:20:59+00:00","breadcrumb":{"@id":"https:\/\/www.beurle.eu\/en\/contact\/#breadcrumb"},"inLanguage":"en-US","potentialAction":[{"@type":"ReadAction","target":["https:\/\/www.beurle.eu\/en\/contact\/"]}]},{"@type":"BreadcrumbList","@id":"https:\/\/www.beurle.eu\/en\/contact\/#breadcrumb","itemListElement":[{"@type":"ListItem","position":1,"name":"Startseite","item":"https:\/\/www.beurle.eu\/en\/"},{"@type":"ListItem","position":2,"name":"Contact"}]},{"@type":"WebSite","@id":"https:\/\/www.beurle.eu\/en\/#website","url":"https:\/\/www.beurle.eu\/en\/","name":"BEURLE Rechtsanw\u00e4lte, Linz","description":"BEURLE Rechtsanw\u00e4lte beraten in- und ausl\u00e4ndische Unternehmen aus dem privaten und \u00f6ffentlichen Sektor in allen rechtlichen Belangen.","potentialAction":[{"@type":"SearchAction","target":{"@type":"EntryPoint","urlTemplate":"https:\/\/www.beurle.eu\/en\/?s={search_term_string}"},"query-input":{"@type":"PropertyValueSpecification","valueRequired":true,"valueName":"search_term_string"}}],"inLanguage":"en-US"}]}},"_links":{"self":[{"href":"https:\/\/www.beurle.eu\/en\/wp-json\/wp\/v2\/pages\/2708","targetHints":{"allow":["GET"]}}],"collection":[{"href":"https:\/\/www.beurle.eu\/en\/wp-json\/wp\/v2\/pages"}],"about":[{"href":"https:\/\/www.beurle.eu\/en\/wp-json\/wp\/v2\/types\/page"}],"author":[{"embeddable":true,"href":"https:\/\/www.beurle.eu\/en\/wp-json\/wp\/v2\/users\/2"}],"replies":[{"embeddable":true,"href":"https:\/\/www.beurle.eu\/en\/wp-json\/wp\/v2\/comments?post=2708"}],"version-history":[{"count":3,"href":"https:\/\/www.beurle.eu\/en\/wp-json\/wp\/v2\/pages\/2708\/revisions"}],"predecessor-version":[{"id":5690,"href":"https:\/\/www.beurle.eu\/en\/wp-json\/wp\/v2\/pages\/2708\/revisions\/5690"}],"wp:attachment":[{"href":"https:\/\/www.beurle.eu\/en\/wp-json\/wp\/v2\/media?parent=2708"}],"curies":[{"name":"wp","href":"https:\/\/api.w.org\/{rel}","templated":true}]}}