{"id":2696,"date":"2020-04-07T15:44:25","date_gmt":"2020-04-07T13:44:25","guid":{"rendered":"https:\/\/www.beurle.eu\/areas-of-expertise\/employment-law\/"},"modified":"2023-07-07T08:18:08","modified_gmt":"2023-07-07T06:18:08","slug":"employment-law","status":"publish","type":"page","link":"https:\/\/www.beurle.eu\/en\/areas-of-expertise\/employment-law\/","title":{"rendered":"Employment"},"content":{"rendered":"<div class=\"wpb-content-wrapper\"><p>[vc_row css=&#8221;.vc_custom_1579130405804{margin-bottom: 100px !important;}&#8221;][vc_column][vc_custom_heading source=&#8221;post_title&#8221; font_container=&#8221;tag:h1|text_align:center&#8221; use_theme_fonts=&#8221;yes&#8221;][\/vc_column][\/vc_row][vc_row][vc_column][vc_row_inner][vc_column_inner width=&#8221;2\/3&#8243;][vc_column_text]<\/p>\n<h4>Whenever people work together, their relationships, rights and duties have to be defined. Providing a transparent information base prevents disputes in the workplace, so that employees can focus fully on their efforts to deliver value to the company. And no one should feel like they simply have to put up with everything.<\/h4>\n<p>[\/vc_column_text][vc_empty_space height=&#8221;50px&#8221;][\/vc_column_inner][vc_column_inner width=&#8221;1\/3&#8243;][\/vc_column_inner][\/vc_row_inner][\/vc_column][\/vc_row][vc_row][vc_column][vc_column_text]<\/p>\n<ul>\n<li>Employment contracts, management board and executive director agreements, freelance service contracts, contracts for work and services, consultancy agreements<\/li>\n<li>Business transfer and restructuring, labor management agreements<\/li>\n<li>Secondments and employment of non-nationals, temporary employment<\/li>\n<li>Employment termination, transfers<\/li>\n<li>Representation before the labor and social court and in administrative criminal proceedings<\/li>\n<\/ul>\n<p>[\/vc_column_text][vc_empty_space height=&#8221;50px&#8221;][\/vc_column][\/vc_row][vc_row][vc_column][vc_custom_heading text=&#8221;Your Legal Expert&#8221; font_container=&#8221;tag:h3|text_align:center&#8221;][vc_basic_grid post_type=&#8221;mitarbeiter&#8221; max_items=&#8221;999&#8243; item=&#8221;1997&#8243; grid_id=&#8221;vc_gid:1589895971437-13af80d4-5935-4&#8243; taxonomies=&#8221;59&#8243; el_class=&#8221;.ma-grid&#8221;][\/vc_column][\/vc_row]<\/p>\n<\/div>","protected":false},"excerpt":{"rendered":"<p>[vc_row css=&#8221;.vc_custom_1579130405804{margin-bottom: 100px !important;}&#8221;][vc_column][vc_custom_heading source=&#8221;post_title&#8221; font_container=&#8221;tag:h1|text_align:center&#8221; use_theme_fonts=&#8221;yes&#8221;][\/vc_column][\/vc_row][vc_row][vc_column][vc_row_inner][vc_column_inner width=&#8221;2\/3&#8243;][vc_column_text] Whenever people work together, their relationships, rights and duties have to be defined. Providing a transparent information base prevents disputes in the workplace, so that employees can focus fully on their efforts to deliver value to the company. And no one should feel like they simply have&hellip;<\/p>\n","protected":false},"author":2,"featured_media":0,"parent":2673,"menu_order":10,"comment_status":"closed","ping_status":"closed","template":"","meta":{"_acf_changed":false,"inline_featured_image":false,"footnotes":""},"class_list":["post-2696","page","type-page","status-publish","hentry","description-off"],"acf":[],"yoast_head":"<!-- This site is optimized with the Yoast SEO plugin v27.4 - https:\/\/yoast.com\/product\/yoast-seo-wordpress\/ -->\n<title>Employment - BEURLE Rechtsanw\u00e4lte, Linz<\/title>\n<meta name=\"robots\" content=\"index, follow, max-snippet:-1, max-image-preview:large, max-video-preview:-1\" \/>\n<link rel=\"canonical\" href=\"https:\/\/www.beurle.eu\/en\/areas-of-expertise\/employment-law\/\" \/>\n<meta property=\"og:locale\" content=\"en_US\" \/>\n<meta property=\"og:type\" content=\"article\" \/>\n<meta property=\"og:title\" content=\"Employment - BEURLE Rechtsanw\u00e4lte, Linz\" \/>\n<meta property=\"og:description\" content=\"[vc_row css=&#8221;.vc_custom_1579130405804{margin-bottom: 100px !important;}&#8221;][vc_column][vc_custom_heading source=&#8221;post_title&#8221; font_container=&#8221;tag:h1|text_align:center&#8221; use_theme_fonts=&#8221;yes&#8221;][\/vc_column][\/vc_row][vc_row][vc_column][vc_row_inner][vc_column_inner width=&#8221;2\/3&#8243;][vc_column_text] Whenever people work together, their relationships, rights and duties have to be defined. Providing a transparent information base prevents disputes in the workplace, so that employees can focus fully on their efforts to deliver value to the company. And no one should feel like they simply have&hellip;\" \/>\n<meta property=\"og:url\" content=\"https:\/\/www.beurle.eu\/en\/areas-of-expertise\/employment-law\/\" \/>\n<meta property=\"og:site_name\" content=\"BEURLE Rechtsanw\u00e4lte, Linz\" \/>\n<meta property=\"article:modified_time\" content=\"2023-07-07T06:18:08+00:00\" \/>\n<meta name=\"twitter:card\" content=\"summary_large_image\" \/>\n<meta name=\"twitter:label1\" content=\"Est. reading time\" \/>\n\t<meta name=\"twitter:data1\" content=\"1 minute\" \/>\n<script type=\"application\/ld+json\" class=\"yoast-schema-graph\">{\"@context\":\"https:\\\/\\\/schema.org\",\"@graph\":[{\"@type\":\"WebPage\",\"@id\":\"https:\\\/\\\/www.beurle.eu\\\/en\\\/areas-of-expertise\\\/employment-law\\\/\",\"url\":\"https:\\\/\\\/www.beurle.eu\\\/en\\\/areas-of-expertise\\\/employment-law\\\/\",\"name\":\"Employment - BEURLE Rechtsanw\u00e4lte, Linz\",\"isPartOf\":{\"@id\":\"https:\\\/\\\/www.beurle.eu\\\/en\\\/#website\"},\"datePublished\":\"2020-04-07T13:44:25+00:00\",\"dateModified\":\"2023-07-07T06:18:08+00:00\",\"breadcrumb\":{\"@id\":\"https:\\\/\\\/www.beurle.eu\\\/en\\\/areas-of-expertise\\\/employment-law\\\/#breadcrumb\"},\"inLanguage\":\"en-US\",\"potentialAction\":[{\"@type\":\"ReadAction\",\"target\":[\"https:\\\/\\\/www.beurle.eu\\\/en\\\/areas-of-expertise\\\/employment-law\\\/\"]}]},{\"@type\":\"BreadcrumbList\",\"@id\":\"https:\\\/\\\/www.beurle.eu\\\/en\\\/areas-of-expertise\\\/employment-law\\\/#breadcrumb\",\"itemListElement\":[{\"@type\":\"ListItem\",\"position\":1,\"name\":\"Startseite\",\"item\":\"https:\\\/\\\/www.beurle.eu\\\/en\\\/\"},{\"@type\":\"ListItem\",\"position\":2,\"name\":\"Areas of expertise\",\"item\":\"https:\\\/\\\/www.beurle.eu\\\/en\\\/areas-of-expertise\\\/\"},{\"@type\":\"ListItem\",\"position\":3,\"name\":\"Employment\"}]},{\"@type\":\"WebSite\",\"@id\":\"https:\\\/\\\/www.beurle.eu\\\/en\\\/#website\",\"url\":\"https:\\\/\\\/www.beurle.eu\\\/en\\\/\",\"name\":\"BEURLE Rechtsanw\u00e4lte, Linz\",\"description\":\"BEURLE Rechtsanw\u00e4lte beraten in- und ausl\u00e4ndische Unternehmen aus dem privaten und \u00f6ffentlichen Sektor in allen rechtlichen Belangen.\",\"potentialAction\":[{\"@type\":\"SearchAction\",\"target\":{\"@type\":\"EntryPoint\",\"urlTemplate\":\"https:\\\/\\\/www.beurle.eu\\\/en\\\/?s={search_term_string}\"},\"query-input\":{\"@type\":\"PropertyValueSpecification\",\"valueRequired\":true,\"valueName\":\"search_term_string\"}}],\"inLanguage\":\"en-US\"}]}<\/script>\n<!-- \/ Yoast SEO plugin. -->","yoast_head_json":{"title":"Employment - BEURLE Rechtsanw\u00e4lte, Linz","robots":{"index":"index","follow":"follow","max-snippet":"max-snippet:-1","max-image-preview":"max-image-preview:large","max-video-preview":"max-video-preview:-1"},"canonical":"https:\/\/www.beurle.eu\/en\/areas-of-expertise\/employment-law\/","og_locale":"en_US","og_type":"article","og_title":"Employment - BEURLE Rechtsanw\u00e4lte, Linz","og_description":"[vc_row css=&#8221;.vc_custom_1579130405804{margin-bottom: 100px !important;}&#8221;][vc_column][vc_custom_heading source=&#8221;post_title&#8221; font_container=&#8221;tag:h1|text_align:center&#8221; use_theme_fonts=&#8221;yes&#8221;][\/vc_column][\/vc_row][vc_row][vc_column][vc_row_inner][vc_column_inner width=&#8221;2\/3&#8243;][vc_column_text] Whenever people work together, their relationships, rights and duties have to be defined. Providing a transparent information base prevents disputes in the workplace, so that employees can focus fully on their efforts to deliver value to the company. And no one should feel like they simply have&hellip;","og_url":"https:\/\/www.beurle.eu\/en\/areas-of-expertise\/employment-law\/","og_site_name":"BEURLE Rechtsanw\u00e4lte, Linz","article_modified_time":"2023-07-07T06:18:08+00:00","twitter_card":"summary_large_image","twitter_misc":{"Est. reading time":"1 minute"},"schema":{"@context":"https:\/\/schema.org","@graph":[{"@type":"WebPage","@id":"https:\/\/www.beurle.eu\/en\/areas-of-expertise\/employment-law\/","url":"https:\/\/www.beurle.eu\/en\/areas-of-expertise\/employment-law\/","name":"Employment - BEURLE Rechtsanw\u00e4lte, Linz","isPartOf":{"@id":"https:\/\/www.beurle.eu\/en\/#website"},"datePublished":"2020-04-07T13:44:25+00:00","dateModified":"2023-07-07T06:18:08+00:00","breadcrumb":{"@id":"https:\/\/www.beurle.eu\/en\/areas-of-expertise\/employment-law\/#breadcrumb"},"inLanguage":"en-US","potentialAction":[{"@type":"ReadAction","target":["https:\/\/www.beurle.eu\/en\/areas-of-expertise\/employment-law\/"]}]},{"@type":"BreadcrumbList","@id":"https:\/\/www.beurle.eu\/en\/areas-of-expertise\/employment-law\/#breadcrumb","itemListElement":[{"@type":"ListItem","position":1,"name":"Startseite","item":"https:\/\/www.beurle.eu\/en\/"},{"@type":"ListItem","position":2,"name":"Areas of expertise","item":"https:\/\/www.beurle.eu\/en\/areas-of-expertise\/"},{"@type":"ListItem","position":3,"name":"Employment"}]},{"@type":"WebSite","@id":"https:\/\/www.beurle.eu\/en\/#website","url":"https:\/\/www.beurle.eu\/en\/","name":"BEURLE Rechtsanw\u00e4lte, Linz","description":"BEURLE Rechtsanw\u00e4lte beraten in- und ausl\u00e4ndische Unternehmen aus dem privaten und \u00f6ffentlichen Sektor in allen rechtlichen Belangen.","potentialAction":[{"@type":"SearchAction","target":{"@type":"EntryPoint","urlTemplate":"https:\/\/www.beurle.eu\/en\/?s={search_term_string}"},"query-input":{"@type":"PropertyValueSpecification","valueRequired":true,"valueName":"search_term_string"}}],"inLanguage":"en-US"}]}},"_links":{"self":[{"href":"https:\/\/www.beurle.eu\/en\/wp-json\/wp\/v2\/pages\/2696","targetHints":{"allow":["GET"]}}],"collection":[{"href":"https:\/\/www.beurle.eu\/en\/wp-json\/wp\/v2\/pages"}],"about":[{"href":"https:\/\/www.beurle.eu\/en\/wp-json\/wp\/v2\/types\/page"}],"author":[{"embeddable":true,"href":"https:\/\/www.beurle.eu\/en\/wp-json\/wp\/v2\/users\/2"}],"replies":[{"embeddable":true,"href":"https:\/\/www.beurle.eu\/en\/wp-json\/wp\/v2\/comments?post=2696"}],"version-history":[{"count":5,"href":"https:\/\/www.beurle.eu\/en\/wp-json\/wp\/v2\/pages\/2696\/revisions"}],"predecessor-version":[{"id":4701,"href":"https:\/\/www.beurle.eu\/en\/wp-json\/wp\/v2\/pages\/2696\/revisions\/4701"}],"up":[{"embeddable":true,"href":"https:\/\/www.beurle.eu\/en\/wp-json\/wp\/v2\/pages\/2673"}],"wp:attachment":[{"href":"https:\/\/www.beurle.eu\/en\/wp-json\/wp\/v2\/media?parent=2696"}],"curies":[{"name":"wp","href":"https:\/\/api.w.org\/{rel}","templated":true}]}}