{"id":2692,"date":"2020-04-07T15:38:57","date_gmt":"2020-04-07T13:38:57","guid":{"rendered":"https:\/\/www.beurle.eu\/areas-of-expertise\/the-energy-sector\/"},"modified":"2024-02-29T14:06:41","modified_gmt":"2024-02-29T13:06:41","slug":"the-energy-sector","status":"publish","type":"page","link":"https:\/\/www.beurle.eu\/en\/areas-of-expertise\/the-energy-sector\/","title":{"rendered":"Energy Sector"},"content":{"rendered":"<div class=\"wpb-content-wrapper\"><p>[vc_row css=&#8221;.vc_custom_1589873393153{margin-bottom: 100px !important;}&#8221;][vc_column][vc_custom_heading source=&#8221;post_title&#8221; font_container=&#8221;tag:h1|text_align:center&#8221; use_theme_fonts=&#8221;yes&#8221;][\/vc_column][\/vc_row][vc_row][vc_column][vc_row_inner][vc_column_inner width=&#8221;2\/3&#8243;][vc_column_text]<\/p>\n<h4>The turnaround in energy policy gives rise to a number of legal questions. Backed by our many years of experience and involvement in the energy industry, we provide you with competent support to find effective solutions.<\/h4>\n<p>[\/vc_column_text][vc_empty_space height=&#8221;50px&#8221;][\/vc_column_inner][vc_column_inner width=&#8221;1\/3&#8243;][\/vc_column_inner][\/vc_row_inner][\/vc_column][\/vc_row][vc_row][vc_column][vc_column_text]<\/p>\n<ul>\n<li>National and European laws governing the energy industry (electricity, gas, oil, renewable energies, and green electricity)<\/li>\n<li>Energy generation and infrastructure projects, power station and plant engineering and construction<\/li>\n<li>Energy taxes, support schemes, and energy efficiency<\/li>\n<li>Representation in proceedings before national and international regulatory authorities (in particular tariff and abuse proceedings), the Administrative Court, the Constitutional Court, the European Commission and the ECJ, as well as proceedings before the ordinary courts, including arbitration proceedings<\/li>\n<\/ul>\n<p>&nbsp;<\/p>\n<p>Our law firm is a member of the Energy Institute at the Johannes Kepler University Linz[\/vc_column_text][vc_empty_space height=&#8221;50px&#8221;][\/vc_column][\/vc_row][vc_row][vc_column][vc_custom_heading text=&#8221;M&amp;A in the energy sector&#8221; font_container=&#8221;tag:h4|text_align:left&#8221;][vc_column_text]The energy sector is in a state of upheaval &#8211; new players are emerging, old ones are being taken over, shareholdings and stakes are being acquired and sold. We would be happy to support your company in an acquisition or start-up process in the energy sector. We will solve the industry-relevant questions for you that regularly arise in connection with supply situations, concessions, subsidies, general terms and conditions, line rights as well as participation in the liberalized energy market.[\/vc_column_text][vc_empty_space][\/vc_column][\/vc_row][vc_row][vc_column][vc_custom_heading text=&#8221;Your Legal Expert&#8221; font_container=&#8221;tag:h3|text_align:center&#8221;][vc_basic_grid post_type=&#8221;mitarbeiter&#8221; max_items=&#8221;999&#8243; show_filter=&#8221;yes&#8221; element_width=&#8221;3&#8243; gap=&#8221;20&#8243; order=&#8221;ASC&#8221; filter_style=&#8221;bordered&#8221; item=&#8221;5074&#8243; grid_id=&#8221;vc_gid:1709211984583-82127a13-8bf8-3&#8243; filter_source=&#8221;team_position&#8221; exclude_filter=&#8221;135&#8243; el_class=&#8221;ma-grid-2024 kein-filter&#8221; taxonomies=&#8221;125&#8243;][\/vc_column][\/vc_row]<\/p>\n<\/div>","protected":false},"excerpt":{"rendered":"<p>[vc_row css=&#8221;.vc_custom_1589873393153{margin-bottom: 100px !important;}&#8221;][vc_column][vc_custom_heading source=&#8221;post_title&#8221; font_container=&#8221;tag:h1|text_align:center&#8221; use_theme_fonts=&#8221;yes&#8221;][\/vc_column][\/vc_row][vc_row][vc_column][vc_row_inner][vc_column_inner width=&#8221;2\/3&#8243;][vc_column_text] The turnaround in energy policy gives rise to a number of legal questions. Backed by our many years of experience and involvement in the energy industry, we provide you with competent support to find effective solutions. [\/vc_column_text][vc_empty_space height=&#8221;50px&#8221;][\/vc_column_inner][vc_column_inner width=&#8221;1\/3&#8243;][\/vc_column_inner][\/vc_row_inner][\/vc_column][\/vc_row][vc_row][vc_column][vc_column_text] National and European laws governing the energy industry&hellip;<\/p>\n","protected":false},"author":4,"featured_media":0,"parent":2673,"menu_order":2,"comment_status":"closed","ping_status":"closed","template":"","meta":{"_acf_changed":false,"inline_featured_image":false,"footnotes":""},"class_list":["post-2692","page","type-page","status-publish","hentry","description-off"],"acf":[],"yoast_head":"<!-- This site is optimized with the Yoast SEO plugin v27.4 - https:\/\/yoast.com\/product\/yoast-seo-wordpress\/ -->\n<title>Energy Sector - BEURLE Rechtsanw\u00e4lte, Linz<\/title>\n<meta name=\"robots\" content=\"index, follow, max-snippet:-1, max-image-preview:large, max-video-preview:-1\" \/>\n<link rel=\"canonical\" href=\"https:\/\/www.beurle.eu\/en\/areas-of-expertise\/the-energy-sector\/\" \/>\n<meta property=\"og:locale\" content=\"en_US\" \/>\n<meta property=\"og:type\" content=\"article\" \/>\n<meta property=\"og:title\" content=\"Energy Sector - BEURLE Rechtsanw\u00e4lte, Linz\" \/>\n<meta property=\"og:description\" content=\"[vc_row css=&#8221;.vc_custom_1589873393153{margin-bottom: 100px !important;}&#8221;][vc_column][vc_custom_heading source=&#8221;post_title&#8221; font_container=&#8221;tag:h1|text_align:center&#8221; use_theme_fonts=&#8221;yes&#8221;][\/vc_column][\/vc_row][vc_row][vc_column][vc_row_inner][vc_column_inner width=&#8221;2\/3&#8243;][vc_column_text] The turnaround in energy policy gives rise to a number of legal questions. Backed by our many years of experience and involvement in the energy industry, we provide you with competent support to find effective solutions. [\/vc_column_text][vc_empty_space height=&#8221;50px&#8221;][\/vc_column_inner][vc_column_inner width=&#8221;1\/3&#8243;][\/vc_column_inner][\/vc_row_inner][\/vc_column][\/vc_row][vc_row][vc_column][vc_column_text] National and European laws governing the energy industry&hellip;\" \/>\n<meta property=\"og:url\" content=\"https:\/\/www.beurle.eu\/en\/areas-of-expertise\/the-energy-sector\/\" \/>\n<meta property=\"og:site_name\" content=\"BEURLE Rechtsanw\u00e4lte, Linz\" \/>\n<meta property=\"article:modified_time\" content=\"2024-02-29T13:06:41+00:00\" \/>\n<meta name=\"twitter:card\" content=\"summary_large_image\" \/>\n<meta name=\"twitter:label1\" content=\"Est. reading time\" \/>\n\t<meta name=\"twitter:data1\" content=\"2 minutes\" \/>\n<script type=\"application\/ld+json\" class=\"yoast-schema-graph\">{\"@context\":\"https:\\\/\\\/schema.org\",\"@graph\":[{\"@type\":\"WebPage\",\"@id\":\"https:\\\/\\\/www.beurle.eu\\\/en\\\/areas-of-expertise\\\/the-energy-sector\\\/\",\"url\":\"https:\\\/\\\/www.beurle.eu\\\/en\\\/areas-of-expertise\\\/the-energy-sector\\\/\",\"name\":\"Energy Sector - BEURLE Rechtsanw\u00e4lte, Linz\",\"isPartOf\":{\"@id\":\"https:\\\/\\\/www.beurle.eu\\\/en\\\/#website\"},\"datePublished\":\"2020-04-07T13:38:57+00:00\",\"dateModified\":\"2024-02-29T13:06:41+00:00\",\"breadcrumb\":{\"@id\":\"https:\\\/\\\/www.beurle.eu\\\/en\\\/areas-of-expertise\\\/the-energy-sector\\\/#breadcrumb\"},\"inLanguage\":\"en-US\",\"potentialAction\":[{\"@type\":\"ReadAction\",\"target\":[\"https:\\\/\\\/www.beurle.eu\\\/en\\\/areas-of-expertise\\\/the-energy-sector\\\/\"]}]},{\"@type\":\"BreadcrumbList\",\"@id\":\"https:\\\/\\\/www.beurle.eu\\\/en\\\/areas-of-expertise\\\/the-energy-sector\\\/#breadcrumb\",\"itemListElement\":[{\"@type\":\"ListItem\",\"position\":1,\"name\":\"Startseite\",\"item\":\"https:\\\/\\\/www.beurle.eu\\\/en\\\/\"},{\"@type\":\"ListItem\",\"position\":2,\"name\":\"Areas of expertise\",\"item\":\"https:\\\/\\\/www.beurle.eu\\\/en\\\/areas-of-expertise\\\/\"},{\"@type\":\"ListItem\",\"position\":3,\"name\":\"Energy Sector\"}]},{\"@type\":\"WebSite\",\"@id\":\"https:\\\/\\\/www.beurle.eu\\\/en\\\/#website\",\"url\":\"https:\\\/\\\/www.beurle.eu\\\/en\\\/\",\"name\":\"BEURLE Rechtsanw\u00e4lte, Linz\",\"description\":\"BEURLE Rechtsanw\u00e4lte beraten in- und ausl\u00e4ndische Unternehmen aus dem privaten und \u00f6ffentlichen Sektor in allen rechtlichen Belangen.\",\"potentialAction\":[{\"@type\":\"SearchAction\",\"target\":{\"@type\":\"EntryPoint\",\"urlTemplate\":\"https:\\\/\\\/www.beurle.eu\\\/en\\\/?s={search_term_string}\"},\"query-input\":{\"@type\":\"PropertyValueSpecification\",\"valueRequired\":true,\"valueName\":\"search_term_string\"}}],\"inLanguage\":\"en-US\"}]}<\/script>\n<!-- \/ Yoast SEO plugin. -->","yoast_head_json":{"title":"Energy Sector - BEURLE Rechtsanw\u00e4lte, Linz","robots":{"index":"index","follow":"follow","max-snippet":"max-snippet:-1","max-image-preview":"max-image-preview:large","max-video-preview":"max-video-preview:-1"},"canonical":"https:\/\/www.beurle.eu\/en\/areas-of-expertise\/the-energy-sector\/","og_locale":"en_US","og_type":"article","og_title":"Energy Sector - BEURLE Rechtsanw\u00e4lte, Linz","og_description":"[vc_row css=&#8221;.vc_custom_1589873393153{margin-bottom: 100px !important;}&#8221;][vc_column][vc_custom_heading source=&#8221;post_title&#8221; font_container=&#8221;tag:h1|text_align:center&#8221; use_theme_fonts=&#8221;yes&#8221;][\/vc_column][\/vc_row][vc_row][vc_column][vc_row_inner][vc_column_inner width=&#8221;2\/3&#8243;][vc_column_text] The turnaround in energy policy gives rise to a number of legal questions. Backed by our many years of experience and involvement in the energy industry, we provide you with competent support to find effective solutions. [\/vc_column_text][vc_empty_space height=&#8221;50px&#8221;][\/vc_column_inner][vc_column_inner width=&#8221;1\/3&#8243;][\/vc_column_inner][\/vc_row_inner][\/vc_column][\/vc_row][vc_row][vc_column][vc_column_text] National and European laws governing the energy industry&hellip;","og_url":"https:\/\/www.beurle.eu\/en\/areas-of-expertise\/the-energy-sector\/","og_site_name":"BEURLE Rechtsanw\u00e4lte, Linz","article_modified_time":"2024-02-29T13:06:41+00:00","twitter_card":"summary_large_image","twitter_misc":{"Est. reading time":"2 minutes"},"schema":{"@context":"https:\/\/schema.org","@graph":[{"@type":"WebPage","@id":"https:\/\/www.beurle.eu\/en\/areas-of-expertise\/the-energy-sector\/","url":"https:\/\/www.beurle.eu\/en\/areas-of-expertise\/the-energy-sector\/","name":"Energy Sector - BEURLE Rechtsanw\u00e4lte, Linz","isPartOf":{"@id":"https:\/\/www.beurle.eu\/en\/#website"},"datePublished":"2020-04-07T13:38:57+00:00","dateModified":"2024-02-29T13:06:41+00:00","breadcrumb":{"@id":"https:\/\/www.beurle.eu\/en\/areas-of-expertise\/the-energy-sector\/#breadcrumb"},"inLanguage":"en-US","potentialAction":[{"@type":"ReadAction","target":["https:\/\/www.beurle.eu\/en\/areas-of-expertise\/the-energy-sector\/"]}]},{"@type":"BreadcrumbList","@id":"https:\/\/www.beurle.eu\/en\/areas-of-expertise\/the-energy-sector\/#breadcrumb","itemListElement":[{"@type":"ListItem","position":1,"name":"Startseite","item":"https:\/\/www.beurle.eu\/en\/"},{"@type":"ListItem","position":2,"name":"Areas of expertise","item":"https:\/\/www.beurle.eu\/en\/areas-of-expertise\/"},{"@type":"ListItem","position":3,"name":"Energy Sector"}]},{"@type":"WebSite","@id":"https:\/\/www.beurle.eu\/en\/#website","url":"https:\/\/www.beurle.eu\/en\/","name":"BEURLE Rechtsanw\u00e4lte, Linz","description":"BEURLE Rechtsanw\u00e4lte beraten in- und ausl\u00e4ndische Unternehmen aus dem privaten und \u00f6ffentlichen Sektor in allen rechtlichen Belangen.","potentialAction":[{"@type":"SearchAction","target":{"@type":"EntryPoint","urlTemplate":"https:\/\/www.beurle.eu\/en\/?s={search_term_string}"},"query-input":{"@type":"PropertyValueSpecification","valueRequired":true,"valueName":"search_term_string"}}],"inLanguage":"en-US"}]}},"_links":{"self":[{"href":"https:\/\/www.beurle.eu\/en\/wp-json\/wp\/v2\/pages\/2692","targetHints":{"allow":["GET"]}}],"collection":[{"href":"https:\/\/www.beurle.eu\/en\/wp-json\/wp\/v2\/pages"}],"about":[{"href":"https:\/\/www.beurle.eu\/en\/wp-json\/wp\/v2\/types\/page"}],"author":[{"embeddable":true,"href":"https:\/\/www.beurle.eu\/en\/wp-json\/wp\/v2\/users\/4"}],"replies":[{"embeddable":true,"href":"https:\/\/www.beurle.eu\/en\/wp-json\/wp\/v2\/comments?post=2692"}],"version-history":[{"count":5,"href":"https:\/\/www.beurle.eu\/en\/wp-json\/wp\/v2\/pages\/2692\/revisions"}],"predecessor-version":[{"id":5268,"href":"https:\/\/www.beurle.eu\/en\/wp-json\/wp\/v2\/pages\/2692\/revisions\/5268"}],"up":[{"embeddable":true,"href":"https:\/\/www.beurle.eu\/en\/wp-json\/wp\/v2\/pages\/2673"}],"wp:attachment":[{"href":"https:\/\/www.beurle.eu\/en\/wp-json\/wp\/v2\/media?parent=2692"}],"curies":[{"name":"wp","href":"https:\/\/api.w.org\/{rel}","templated":true}]}}