{"id":2678,"date":"2020-04-07T15:10:12","date_gmt":"2020-04-07T13:10:12","guid":{"rendered":"https:\/\/www.beurle.eu\/areas-of-expertise\/insolvency-reorganisation-and-restructuring\/"},"modified":"2024-02-29T13:35:47","modified_gmt":"2024-02-29T12:35:47","slug":"insolvency-reorganisation-and-restructuring","status":"publish","type":"page","link":"https:\/\/www.beurle.eu\/en\/areas-of-expertise\/insolvency-reorganisation-and-restructuring\/","title":{"rendered":"Insolvency and Restructuring"},"content":{"rendered":"<div class=\"wpb-content-wrapper\"><p>[vc_row css=&#8221;.vc_custom_1579130405804{margin-bottom: 100px !important;}&#8221;][vc_column][vc_custom_heading source=&#8221;post_title&#8221; font_container=&#8221;tag:h1|text_align:center&#8221; use_theme_fonts=&#8221;yes&#8221;][\/vc_column][\/vc_row][vc_row][vc_column][vc_row_inner][vc_column_inner width=&#8221;2\/3&#8243;][vc_column_text]<\/p>\n<h4>There is no substitute for experience and expertise. We get to the bottom of every issue and cut to the chase for you. We know and understand the solutions and we explain them. You receive the support you need to implement any required measures and achieve the defined objectives. In our clients\u2019 own words, the advice we provide is precise, understandable, and firmly focused on the goal.<\/h4>\n<p>[\/vc_column_text][vc_empty_space height=&#8221;50px&#8221;][\/vc_column_inner][vc_column_inner width=&#8221;1\/3&#8243;][\/vc_column_inner][\/vc_row_inner][\/vc_column][\/vc_row][vc_row][vc_column][vc_column_text]<strong>Acquiring a company in crisis \u2013 distressed M&amp;A<\/strong><br \/>\nSpecial rules apply when acquiring a distressed business. Those who understand them have access to unimagined legal opportunities for reorganization and restructuring. We advise you, as the corporate buyer, in negotiating contracts with the owner or the insolvency administrator, we represent you in tendered market testing and M&amp;A processes, from signing and closing to implementing post-merger measures.<\/p>\n<p>&nbsp;<\/p>\n<p><strong>Business partners in crisis \u2013 protecting the creditors\u2019 interests<\/strong><br \/>\nWhen your contractual partner becomes insolvent, the most pressing objective is to safeguard your interests, rights, and claims. If you are a supplier, we handle your retention of title; if you are a creditor with liens or other security interests, we support you in enforcing them. Using the full breadth of our expertise, we support you in defending against rescission claims on the part of the liquidator.<\/p>\n<p>&nbsp;<\/p>\n<p><strong>Companies in distress<\/strong><br \/>\nWe provide counsel in creating financial plans, solvency analyses, survival forecasts, and restructuring plans. We are also there during meetings with banks. Given the appropriate conditions, we will arrange to institute insolvency proceedings on your behalf and provide timely guidance in advance for the necessary transition to \u201cinsolvency management.\u201d We support and guide you through the insolvency and provide precise and comprehensive advice with a view to preparing a restructuring plan.<\/p>\n<p>&nbsp;<\/p>\n<p><strong>Owners \u2013 Shareholders \u2013 Institutions \u2013 Consultants \u2013 Auditors<\/strong><br \/>\nThe interests of owners and shareholders also need to be protected. They may not always be aligned with those of the company when it finds itself in financial difficulties. We advise on measures to strengthen equity capital, but also in shareholder loans.<\/p>\n<p>The responsibilities involved in holding a position as managing director or member of the advisory board can also give rise to liability. This makes a timely and properly executed transition to \u201cinsolvency management\u201d advisable when the legal requirements are in place. If claims for compensation have already been lodged against you, we will support you in your defense. Consultants and auditors number among our regular clients in this context.<\/p>\n<p>&nbsp;<\/p>\n<p><strong>Serving as an insolvency administrator<\/strong><br \/>\nThe courts regularly appoint us to serve as insolvency administrators. Among other cases, we have served in the high-profile major insolvencies of recent years (such as Quelle, dayli = Schlecker Austria, Wozabal). Knowing the insolvency administrator&#8217;s perspective and knowing &#8220;what makes him tick&#8221; has often proven to be helpful when we represent creditors or have submitted a takeover bid to the insolvency administrator on behalf of a competitor regarding the insolvent company.[\/vc_column_text][vc_empty_space height=&#8221;50px&#8221;][\/vc_column][\/vc_row][vc_row][vc_column][vc_custom_heading text=&#8221;Your Legal Expert&#8221; font_container=&#8221;tag:h3|text_align:center&#8221;][vc_basic_grid post_type=&#8221;mitarbeiter&#8221; max_items=&#8221;999&#8243; show_filter=&#8221;yes&#8221; element_width=&#8221;3&#8243; gap=&#8221;20&#8243; order=&#8221;ASC&#8221; filter_style=&#8221;bordered&#8221; item=&#8221;5074&#8243; grid_id=&#8221;vc_gid:1709210131144-8a8edc98-d4c0-5&#8243; filter_source=&#8221;team_position&#8221; exclude_filter=&#8221;135&#8243; el_class=&#8221;ma-grid-2024 kein-filter&#8221; taxonomies=&#8221;67&#8243;][\/vc_column][\/vc_row]<\/p>\n<\/div>","protected":false},"excerpt":{"rendered":"<p>[vc_row css=&#8221;.vc_custom_1579130405804{margin-bottom: 100px !important;}&#8221;][vc_column][vc_custom_heading source=&#8221;post_title&#8221; font_container=&#8221;tag:h1|text_align:center&#8221; use_theme_fonts=&#8221;yes&#8221;][\/vc_column][\/vc_row][vc_row][vc_column][vc_row_inner][vc_column_inner width=&#8221;2\/3&#8243;][vc_column_text] There is no substitute for experience and expertise. We get to the bottom of every issue and cut to the chase for you. We know and understand the solutions and we explain them. You receive the support you need to implement any required measures and achieve the&hellip;<\/p>\n","protected":false},"author":4,"featured_media":0,"parent":2673,"menu_order":0,"comment_status":"closed","ping_status":"closed","template":"","meta":{"_acf_changed":false,"inline_featured_image":false,"footnotes":""},"class_list":["post-2678","page","type-page","status-publish","hentry","description-off"],"acf":[],"yoast_head":"<!-- This site is optimized with the Yoast SEO plugin v27.4 - https:\/\/yoast.com\/product\/yoast-seo-wordpress\/ -->\n<title>Insolvency and Restructuring - BEURLE Rechtsanw\u00e4lte, Linz<\/title>\n<meta name=\"robots\" content=\"index, follow, max-snippet:-1, max-image-preview:large, max-video-preview:-1\" \/>\n<link rel=\"canonical\" href=\"https:\/\/www.beurle.eu\/en\/areas-of-expertise\/insolvency-reorganisation-and-restructuring\/\" \/>\n<meta property=\"og:locale\" content=\"en_US\" \/>\n<meta property=\"og:type\" content=\"article\" \/>\n<meta property=\"og:title\" content=\"Insolvency and Restructuring - BEURLE Rechtsanw\u00e4lte, Linz\" \/>\n<meta property=\"og:description\" content=\"[vc_row css=&#8221;.vc_custom_1579130405804{margin-bottom: 100px !important;}&#8221;][vc_column][vc_custom_heading source=&#8221;post_title&#8221; font_container=&#8221;tag:h1|text_align:center&#8221; use_theme_fonts=&#8221;yes&#8221;][\/vc_column][\/vc_row][vc_row][vc_column][vc_row_inner][vc_column_inner width=&#8221;2\/3&#8243;][vc_column_text] There is no substitute for experience and expertise. We get to the bottom of every issue and cut to the chase for you. We know and understand the solutions and we explain them. You receive the support you need to implement any required measures and achieve the&hellip;\" \/>\n<meta property=\"og:url\" content=\"https:\/\/www.beurle.eu\/en\/areas-of-expertise\/insolvency-reorganisation-and-restructuring\/\" \/>\n<meta property=\"og:site_name\" content=\"BEURLE Rechtsanw\u00e4lte, Linz\" \/>\n<meta property=\"article:modified_time\" content=\"2024-02-29T12:35:47+00:00\" \/>\n<meta name=\"twitter:card\" content=\"summary_large_image\" \/>\n<meta name=\"twitter:label1\" content=\"Est. reading time\" \/>\n\t<meta name=\"twitter:data1\" content=\"3 minutes\" \/>\n<script type=\"application\/ld+json\" class=\"yoast-schema-graph\">{\"@context\":\"https:\\\/\\\/schema.org\",\"@graph\":[{\"@type\":\"WebPage\",\"@id\":\"https:\\\/\\\/www.beurle.eu\\\/en\\\/areas-of-expertise\\\/insolvency-reorganisation-and-restructuring\\\/\",\"url\":\"https:\\\/\\\/www.beurle.eu\\\/en\\\/areas-of-expertise\\\/insolvency-reorganisation-and-restructuring\\\/\",\"name\":\"Insolvency and Restructuring - BEURLE Rechtsanw\u00e4lte, Linz\",\"isPartOf\":{\"@id\":\"https:\\\/\\\/www.beurle.eu\\\/en\\\/#website\"},\"datePublished\":\"2020-04-07T13:10:12+00:00\",\"dateModified\":\"2024-02-29T12:35:47+00:00\",\"breadcrumb\":{\"@id\":\"https:\\\/\\\/www.beurle.eu\\\/en\\\/areas-of-expertise\\\/insolvency-reorganisation-and-restructuring\\\/#breadcrumb\"},\"inLanguage\":\"en-US\",\"potentialAction\":[{\"@type\":\"ReadAction\",\"target\":[\"https:\\\/\\\/www.beurle.eu\\\/en\\\/areas-of-expertise\\\/insolvency-reorganisation-and-restructuring\\\/\"]}]},{\"@type\":\"BreadcrumbList\",\"@id\":\"https:\\\/\\\/www.beurle.eu\\\/en\\\/areas-of-expertise\\\/insolvency-reorganisation-and-restructuring\\\/#breadcrumb\",\"itemListElement\":[{\"@type\":\"ListItem\",\"position\":1,\"name\":\"Startseite\",\"item\":\"https:\\\/\\\/www.beurle.eu\\\/en\\\/\"},{\"@type\":\"ListItem\",\"position\":2,\"name\":\"Areas of expertise\",\"item\":\"https:\\\/\\\/www.beurle.eu\\\/en\\\/areas-of-expertise\\\/\"},{\"@type\":\"ListItem\",\"position\":3,\"name\":\"Insolvency and Restructuring\"}]},{\"@type\":\"WebSite\",\"@id\":\"https:\\\/\\\/www.beurle.eu\\\/en\\\/#website\",\"url\":\"https:\\\/\\\/www.beurle.eu\\\/en\\\/\",\"name\":\"BEURLE Rechtsanw\u00e4lte, Linz\",\"description\":\"BEURLE Rechtsanw\u00e4lte beraten in- und ausl\u00e4ndische Unternehmen aus dem privaten und \u00f6ffentlichen Sektor in allen rechtlichen Belangen.\",\"potentialAction\":[{\"@type\":\"SearchAction\",\"target\":{\"@type\":\"EntryPoint\",\"urlTemplate\":\"https:\\\/\\\/www.beurle.eu\\\/en\\\/?s={search_term_string}\"},\"query-input\":{\"@type\":\"PropertyValueSpecification\",\"valueRequired\":true,\"valueName\":\"search_term_string\"}}],\"inLanguage\":\"en-US\"}]}<\/script>\n<!-- \/ Yoast SEO plugin. -->","yoast_head_json":{"title":"Insolvency and Restructuring - BEURLE Rechtsanw\u00e4lte, Linz","robots":{"index":"index","follow":"follow","max-snippet":"max-snippet:-1","max-image-preview":"max-image-preview:large","max-video-preview":"max-video-preview:-1"},"canonical":"https:\/\/www.beurle.eu\/en\/areas-of-expertise\/insolvency-reorganisation-and-restructuring\/","og_locale":"en_US","og_type":"article","og_title":"Insolvency and Restructuring - BEURLE Rechtsanw\u00e4lte, Linz","og_description":"[vc_row css=&#8221;.vc_custom_1579130405804{margin-bottom: 100px !important;}&#8221;][vc_column][vc_custom_heading source=&#8221;post_title&#8221; font_container=&#8221;tag:h1|text_align:center&#8221; use_theme_fonts=&#8221;yes&#8221;][\/vc_column][\/vc_row][vc_row][vc_column][vc_row_inner][vc_column_inner width=&#8221;2\/3&#8243;][vc_column_text] There is no substitute for experience and expertise. We get to the bottom of every issue and cut to the chase for you. We know and understand the solutions and we explain them. You receive the support you need to implement any required measures and achieve the&hellip;","og_url":"https:\/\/www.beurle.eu\/en\/areas-of-expertise\/insolvency-reorganisation-and-restructuring\/","og_site_name":"BEURLE Rechtsanw\u00e4lte, Linz","article_modified_time":"2024-02-29T12:35:47+00:00","twitter_card":"summary_large_image","twitter_misc":{"Est. reading time":"3 minutes"},"schema":{"@context":"https:\/\/schema.org","@graph":[{"@type":"WebPage","@id":"https:\/\/www.beurle.eu\/en\/areas-of-expertise\/insolvency-reorganisation-and-restructuring\/","url":"https:\/\/www.beurle.eu\/en\/areas-of-expertise\/insolvency-reorganisation-and-restructuring\/","name":"Insolvency and Restructuring - BEURLE Rechtsanw\u00e4lte, Linz","isPartOf":{"@id":"https:\/\/www.beurle.eu\/en\/#website"},"datePublished":"2020-04-07T13:10:12+00:00","dateModified":"2024-02-29T12:35:47+00:00","breadcrumb":{"@id":"https:\/\/www.beurle.eu\/en\/areas-of-expertise\/insolvency-reorganisation-and-restructuring\/#breadcrumb"},"inLanguage":"en-US","potentialAction":[{"@type":"ReadAction","target":["https:\/\/www.beurle.eu\/en\/areas-of-expertise\/insolvency-reorganisation-and-restructuring\/"]}]},{"@type":"BreadcrumbList","@id":"https:\/\/www.beurle.eu\/en\/areas-of-expertise\/insolvency-reorganisation-and-restructuring\/#breadcrumb","itemListElement":[{"@type":"ListItem","position":1,"name":"Startseite","item":"https:\/\/www.beurle.eu\/en\/"},{"@type":"ListItem","position":2,"name":"Areas of expertise","item":"https:\/\/www.beurle.eu\/en\/areas-of-expertise\/"},{"@type":"ListItem","position":3,"name":"Insolvency and Restructuring"}]},{"@type":"WebSite","@id":"https:\/\/www.beurle.eu\/en\/#website","url":"https:\/\/www.beurle.eu\/en\/","name":"BEURLE Rechtsanw\u00e4lte, Linz","description":"BEURLE Rechtsanw\u00e4lte beraten in- und ausl\u00e4ndische Unternehmen aus dem privaten und \u00f6ffentlichen Sektor in allen rechtlichen Belangen.","potentialAction":[{"@type":"SearchAction","target":{"@type":"EntryPoint","urlTemplate":"https:\/\/www.beurle.eu\/en\/?s={search_term_string}"},"query-input":{"@type":"PropertyValueSpecification","valueRequired":true,"valueName":"search_term_string"}}],"inLanguage":"en-US"}]}},"_links":{"self":[{"href":"https:\/\/www.beurle.eu\/en\/wp-json\/wp\/v2\/pages\/2678","targetHints":{"allow":["GET"]}}],"collection":[{"href":"https:\/\/www.beurle.eu\/en\/wp-json\/wp\/v2\/pages"}],"about":[{"href":"https:\/\/www.beurle.eu\/en\/wp-json\/wp\/v2\/types\/page"}],"author":[{"embeddable":true,"href":"https:\/\/www.beurle.eu\/en\/wp-json\/wp\/v2\/users\/4"}],"replies":[{"embeddable":true,"href":"https:\/\/www.beurle.eu\/en\/wp-json\/wp\/v2\/comments?post=2678"}],"version-history":[{"count":5,"href":"https:\/\/www.beurle.eu\/en\/wp-json\/wp\/v2\/pages\/2678\/revisions"}],"predecessor-version":[{"id":5236,"href":"https:\/\/www.beurle.eu\/en\/wp-json\/wp\/v2\/pages\/2678\/revisions\/5236"}],"up":[{"embeddable":true,"href":"https:\/\/www.beurle.eu\/en\/wp-json\/wp\/v2\/pages\/2673"}],"wp:attachment":[{"href":"https:\/\/www.beurle.eu\/en\/wp-json\/wp\/v2\/media?parent=2678"}],"curies":[{"name":"wp","href":"https:\/\/api.w.org\/{rel}","templated":true}]}}