{"id":2674,"date":"2020-04-07T15:01:55","date_gmt":"2020-04-07T13:01:55","guid":{"rendered":"https:\/\/www.beurle.eu\/areas-of-expertise\/business-development-ma\/"},"modified":"2024-02-29T14:04:05","modified_gmt":"2024-02-29T13:04:05","slug":"business-development-ma","status":"publish","type":"page","link":"https:\/\/www.beurle.eu\/en\/areas-of-expertise\/business-development-ma\/","title":{"rendered":"Mergers and Acquisitions (M&#038;A)"},"content":{"rendered":"<div class=\"wpb-content-wrapper\"><p>[vc_row css=&#8221;.vc_custom_1579130405804{margin-bottom: 100px !important;}&#8221;][vc_column][vc_custom_heading source=&#8221;post_title&#8221; font_container=&#8221;tag:h1|text_align:center&#8221; use_theme_fonts=&#8221;yes&#8221;][\/vc_column][\/vc_row][vc_row][vc_column][vc_row_inner][vc_column_inner width=&#8221;2\/3&#8243;][vc_column_text]<strong>We advise on corporate transactions and mergers, both in the private and public sector. At your side, we accompany the entire process as a &#8220;MEMBER OF YOUR TEAM&#8221;.<br \/>\n<\/strong>[\/vc_column_text][vc_empty_space height=&#8221;50px&#8221;][\/vc_column_inner][vc_column_inner width=&#8221;1\/3&#8243;][\/vc_column_inner][\/vc_row_inner][\/vc_column][\/vc_row][vc_row][vc_column][vc_column_text]<strong>Asset Deal and Share Deal<\/strong><br \/>\nHow to increase revenues, how to increase the market share? It is a fact that growth strategies often include the acquisition of other corporations or parts of such corporations. Strategically, however, it can also be of interest to sell a corporation or a part thereof. We accompany the entire process. We advise you on the right transaction structure, carry out the legal due diligence, sit at your side during negotiations, draw up the contracts and ensure compliance with the legal requirements (e.g. by answering antitrust and competition law questions and by obtaining the necessary approvals)<\/p>\n<p><strong>At Home and Abroad<\/strong><br \/>\nWe accompany our clients in their growth activities at home and abroad. In cross-border transactions, you benefit from our network of first-class international partner law firms.<\/p>\n<p><strong>Sparring Partner<\/strong><br \/>\nIt goes without saying that we provide you with all our legal experience and expertise. In addition, clients however also appreciate us as a &#8220;sparring partner&#8221; when reflecting on strategic approaches. In this sense, we see ourselves as versatile consultants with a solution-oriented approach.<\/p>\n<p><strong>Strategic partnerships, Joint Ventures<\/strong><br \/>\nIn many cases, corporate transactions are preceded by strategic partnerships or such may serve as a good alternative. We provide profound expertise and advice you setting up a joint venture with the partner of your choice. Compliance with regulatory requirements also plays a significant role. Paying attention to antitrust and competition law aspects is essential and their consideration is a basic prerequisite for joint ventures.[\/vc_column_text][vc_empty_space height=&#8221;50px&#8221;][\/vc_column][\/vc_row][vc_row][vc_column][vc_custom_heading text=&#8221;Your Legal Expert&#8221; font_container=&#8221;tag:h3|text_align:center&#8221;][vc_basic_grid post_type=&#8221;mitarbeiter&#8221; max_items=&#8221;999&#8243; show_filter=&#8221;yes&#8221; element_width=&#8221;3&#8243; gap=&#8221;20&#8243; order=&#8221;ASC&#8221; filter_style=&#8221;bordered&#8221; item=&#8221;5074&#8243; grid_id=&#8221;vc_gid:1709211821442-ff788fd1-2a04-0&#8243; filter_source=&#8221;team_position&#8221; exclude_filter=&#8221;135&#8243; el_class=&#8221;ma-grid-2024 kein-filter&#8221; taxonomies=&#8221;126&#8243;][\/vc_column][\/vc_row]<\/p>\n<\/div>","protected":false},"excerpt":{"rendered":"<p>[vc_row css=&#8221;.vc_custom_1579130405804{margin-bottom: 100px !important;}&#8221;][vc_column][vc_custom_heading source=&#8221;post_title&#8221; font_container=&#8221;tag:h1|text_align:center&#8221; use_theme_fonts=&#8221;yes&#8221;][\/vc_column][\/vc_row][vc_row][vc_column][vc_row_inner][vc_column_inner width=&#8221;2\/3&#8243;][vc_column_text]We advise on corporate transactions and mergers, both in the private and public sector. At your side, we accompany the entire process as a &#8220;MEMBER OF YOUR TEAM&#8221;. [\/vc_column_text][vc_empty_space height=&#8221;50px&#8221;][\/vc_column_inner][vc_column_inner width=&#8221;1\/3&#8243;][\/vc_column_inner][\/vc_row_inner][\/vc_column][\/vc_row][vc_row][vc_column][vc_column_text]Asset Deal and Share Deal How to increase revenues, how to increase the market share? It is a&hellip;<\/p>\n","protected":false},"author":4,"featured_media":0,"parent":2673,"menu_order":0,"comment_status":"closed","ping_status":"closed","template":"","meta":{"_acf_changed":false,"inline_featured_image":false,"footnotes":""},"class_list":["post-2674","page","type-page","status-publish","hentry","description-off"],"acf":[],"yoast_head":"<!-- This site is optimized with the Yoast SEO plugin v27.4 - https:\/\/yoast.com\/product\/yoast-seo-wordpress\/ -->\n<title>Mergers and Acquisitions (M&amp;A) - BEURLE Rechtsanw\u00e4lte, Linz<\/title>\n<meta name=\"robots\" content=\"index, follow, max-snippet:-1, max-image-preview:large, max-video-preview:-1\" \/>\n<link rel=\"canonical\" href=\"https:\/\/www.beurle.eu\/en\/areas-of-expertise\/business-development-ma\/\" \/>\n<meta property=\"og:locale\" content=\"en_US\" \/>\n<meta property=\"og:type\" content=\"article\" \/>\n<meta property=\"og:title\" content=\"Mergers and Acquisitions (M&amp;A) - BEURLE Rechtsanw\u00e4lte, Linz\" \/>\n<meta property=\"og:description\" content=\"[vc_row css=&#8221;.vc_custom_1579130405804{margin-bottom: 100px !important;}&#8221;][vc_column][vc_custom_heading source=&#8221;post_title&#8221; font_container=&#8221;tag:h1|text_align:center&#8221; use_theme_fonts=&#8221;yes&#8221;][\/vc_column][\/vc_row][vc_row][vc_column][vc_row_inner][vc_column_inner width=&#8221;2\/3&#8243;][vc_column_text]We advise on corporate transactions and mergers, both in the private and public sector. At your side, we accompany the entire process as a &#8220;MEMBER OF YOUR TEAM&#8221;. [\/vc_column_text][vc_empty_space height=&#8221;50px&#8221;][\/vc_column_inner][vc_column_inner width=&#8221;1\/3&#8243;][\/vc_column_inner][\/vc_row_inner][\/vc_column][\/vc_row][vc_row][vc_column][vc_column_text]Asset Deal and Share Deal How to increase revenues, how to increase the market share? It is a&hellip;\" \/>\n<meta property=\"og:url\" content=\"https:\/\/www.beurle.eu\/en\/areas-of-expertise\/business-development-ma\/\" \/>\n<meta property=\"og:site_name\" content=\"BEURLE Rechtsanw\u00e4lte, Linz\" \/>\n<meta property=\"article:modified_time\" content=\"2024-02-29T13:04:05+00:00\" \/>\n<meta name=\"twitter:card\" content=\"summary_large_image\" \/>\n<meta name=\"twitter:label1\" content=\"Est. reading time\" \/>\n\t<meta name=\"twitter:data1\" content=\"2 minutes\" \/>\n<script type=\"application\/ld+json\" class=\"yoast-schema-graph\">{\"@context\":\"https:\\\/\\\/schema.org\",\"@graph\":[{\"@type\":\"WebPage\",\"@id\":\"https:\\\/\\\/www.beurle.eu\\\/en\\\/areas-of-expertise\\\/business-development-ma\\\/\",\"url\":\"https:\\\/\\\/www.beurle.eu\\\/en\\\/areas-of-expertise\\\/business-development-ma\\\/\",\"name\":\"Mergers and Acquisitions (M&A) - BEURLE Rechtsanw\u00e4lte, Linz\",\"isPartOf\":{\"@id\":\"https:\\\/\\\/www.beurle.eu\\\/en\\\/#website\"},\"datePublished\":\"2020-04-07T13:01:55+00:00\",\"dateModified\":\"2024-02-29T13:04:05+00:00\",\"breadcrumb\":{\"@id\":\"https:\\\/\\\/www.beurle.eu\\\/en\\\/areas-of-expertise\\\/business-development-ma\\\/#breadcrumb\"},\"inLanguage\":\"en-US\",\"potentialAction\":[{\"@type\":\"ReadAction\",\"target\":[\"https:\\\/\\\/www.beurle.eu\\\/en\\\/areas-of-expertise\\\/business-development-ma\\\/\"]}]},{\"@type\":\"BreadcrumbList\",\"@id\":\"https:\\\/\\\/www.beurle.eu\\\/en\\\/areas-of-expertise\\\/business-development-ma\\\/#breadcrumb\",\"itemListElement\":[{\"@type\":\"ListItem\",\"position\":1,\"name\":\"Startseite\",\"item\":\"https:\\\/\\\/www.beurle.eu\\\/en\\\/\"},{\"@type\":\"ListItem\",\"position\":2,\"name\":\"Areas of expertise\",\"item\":\"https:\\\/\\\/www.beurle.eu\\\/en\\\/areas-of-expertise\\\/\"},{\"@type\":\"ListItem\",\"position\":3,\"name\":\"Mergers and Acquisitions (M&#038;A)\"}]},{\"@type\":\"WebSite\",\"@id\":\"https:\\\/\\\/www.beurle.eu\\\/en\\\/#website\",\"url\":\"https:\\\/\\\/www.beurle.eu\\\/en\\\/\",\"name\":\"BEURLE Rechtsanw\u00e4lte, Linz\",\"description\":\"BEURLE Rechtsanw\u00e4lte beraten in- und ausl\u00e4ndische Unternehmen aus dem privaten und \u00f6ffentlichen Sektor in allen rechtlichen Belangen.\",\"potentialAction\":[{\"@type\":\"SearchAction\",\"target\":{\"@type\":\"EntryPoint\",\"urlTemplate\":\"https:\\\/\\\/www.beurle.eu\\\/en\\\/?s={search_term_string}\"},\"query-input\":{\"@type\":\"PropertyValueSpecification\",\"valueRequired\":true,\"valueName\":\"search_term_string\"}}],\"inLanguage\":\"en-US\"}]}<\/script>\n<!-- \/ Yoast SEO plugin. -->","yoast_head_json":{"title":"Mergers and Acquisitions (M&A) - BEURLE Rechtsanw\u00e4lte, Linz","robots":{"index":"index","follow":"follow","max-snippet":"max-snippet:-1","max-image-preview":"max-image-preview:large","max-video-preview":"max-video-preview:-1"},"canonical":"https:\/\/www.beurle.eu\/en\/areas-of-expertise\/business-development-ma\/","og_locale":"en_US","og_type":"article","og_title":"Mergers and Acquisitions (M&A) - BEURLE Rechtsanw\u00e4lte, Linz","og_description":"[vc_row css=&#8221;.vc_custom_1579130405804{margin-bottom: 100px !important;}&#8221;][vc_column][vc_custom_heading source=&#8221;post_title&#8221; font_container=&#8221;tag:h1|text_align:center&#8221; use_theme_fonts=&#8221;yes&#8221;][\/vc_column][\/vc_row][vc_row][vc_column][vc_row_inner][vc_column_inner width=&#8221;2\/3&#8243;][vc_column_text]We advise on corporate transactions and mergers, both in the private and public sector. At your side, we accompany the entire process as a &#8220;MEMBER OF YOUR TEAM&#8221;. [\/vc_column_text][vc_empty_space height=&#8221;50px&#8221;][\/vc_column_inner][vc_column_inner width=&#8221;1\/3&#8243;][\/vc_column_inner][\/vc_row_inner][\/vc_column][\/vc_row][vc_row][vc_column][vc_column_text]Asset Deal and Share Deal How to increase revenues, how to increase the market share? It is a&hellip;","og_url":"https:\/\/www.beurle.eu\/en\/areas-of-expertise\/business-development-ma\/","og_site_name":"BEURLE Rechtsanw\u00e4lte, Linz","article_modified_time":"2024-02-29T13:04:05+00:00","twitter_card":"summary_large_image","twitter_misc":{"Est. reading time":"2 minutes"},"schema":{"@context":"https:\/\/schema.org","@graph":[{"@type":"WebPage","@id":"https:\/\/www.beurle.eu\/en\/areas-of-expertise\/business-development-ma\/","url":"https:\/\/www.beurle.eu\/en\/areas-of-expertise\/business-development-ma\/","name":"Mergers and Acquisitions (M&A) - BEURLE Rechtsanw\u00e4lte, Linz","isPartOf":{"@id":"https:\/\/www.beurle.eu\/en\/#website"},"datePublished":"2020-04-07T13:01:55+00:00","dateModified":"2024-02-29T13:04:05+00:00","breadcrumb":{"@id":"https:\/\/www.beurle.eu\/en\/areas-of-expertise\/business-development-ma\/#breadcrumb"},"inLanguage":"en-US","potentialAction":[{"@type":"ReadAction","target":["https:\/\/www.beurle.eu\/en\/areas-of-expertise\/business-development-ma\/"]}]},{"@type":"BreadcrumbList","@id":"https:\/\/www.beurle.eu\/en\/areas-of-expertise\/business-development-ma\/#breadcrumb","itemListElement":[{"@type":"ListItem","position":1,"name":"Startseite","item":"https:\/\/www.beurle.eu\/en\/"},{"@type":"ListItem","position":2,"name":"Areas of expertise","item":"https:\/\/www.beurle.eu\/en\/areas-of-expertise\/"},{"@type":"ListItem","position":3,"name":"Mergers and Acquisitions (M&#038;A)"}]},{"@type":"WebSite","@id":"https:\/\/www.beurle.eu\/en\/#website","url":"https:\/\/www.beurle.eu\/en\/","name":"BEURLE Rechtsanw\u00e4lte, Linz","description":"BEURLE Rechtsanw\u00e4lte beraten in- und ausl\u00e4ndische Unternehmen aus dem privaten und \u00f6ffentlichen Sektor in allen rechtlichen Belangen.","potentialAction":[{"@type":"SearchAction","target":{"@type":"EntryPoint","urlTemplate":"https:\/\/www.beurle.eu\/en\/?s={search_term_string}"},"query-input":{"@type":"PropertyValueSpecification","valueRequired":true,"valueName":"search_term_string"}}],"inLanguage":"en-US"}]}},"_links":{"self":[{"href":"https:\/\/www.beurle.eu\/en\/wp-json\/wp\/v2\/pages\/2674","targetHints":{"allow":["GET"]}}],"collection":[{"href":"https:\/\/www.beurle.eu\/en\/wp-json\/wp\/v2\/pages"}],"about":[{"href":"https:\/\/www.beurle.eu\/en\/wp-json\/wp\/v2\/types\/page"}],"author":[{"embeddable":true,"href":"https:\/\/www.beurle.eu\/en\/wp-json\/wp\/v2\/users\/4"}],"replies":[{"embeddable":true,"href":"https:\/\/www.beurle.eu\/en\/wp-json\/wp\/v2\/comments?post=2674"}],"version-history":[{"count":5,"href":"https:\/\/www.beurle.eu\/en\/wp-json\/wp\/v2\/pages\/2674\/revisions"}],"predecessor-version":[{"id":5260,"href":"https:\/\/www.beurle.eu\/en\/wp-json\/wp\/v2\/pages\/2674\/revisions\/5260"}],"up":[{"embeddable":true,"href":"https:\/\/www.beurle.eu\/en\/wp-json\/wp\/v2\/pages\/2673"}],"wp:attachment":[{"href":"https:\/\/www.beurle.eu\/en\/wp-json\/wp\/v2\/media?parent=2674"}],"curies":[{"name":"wp","href":"https:\/\/api.w.org\/{rel}","templated":true}]}}